{"id":27390,"date":"2022-06-24T15:02:41","date_gmt":"2022-06-24T13:02:41","guid":{"rendered":"http:\/\/www.hapy-com.fr\/echoppe\/product\/verre-raptol-3\/"},"modified":"2022-06-24T15:02:41","modified_gmt":"2022-06-24T13:02:41","slug":"verre-raptol-3","status":"publish","type":"product","link":"https:\/\/www.hapy-com.fr\/echoppe\/product\/verre-raptol-3\/","title":{"rendered":"Verre Raptol"},"content":{"rendered":"<p>Verre de cirstal d\u00b4une capacit\u00e9 de 480 ml. Disponible en couleurs \u00e9clatantes argent\u00e9es et dor\u00e9es. Sp\u00e9cialement con\u00e7u pour le marquage et la sublimation au laser, avec un rev\u00eatement ext\u00e9rieur sp\u00e9cial pour que votre publicit\u00e9 soit grav\u00e9e de mani\u00e8re choquante et durable. Pr\u00e9sent\u00e9 dans une bo\u00eete individuelle.<\/p>\n","protected":false},"excerpt":{"rendered":"<p>Verre de cirstal d\u00b4une capacit\u00e9 de 480 ml. Disponible en couleurs \u00e9clatantes argent\u00e9es et dor\u00e9es. Sp\u00e9cialement con\u00e7u pour le marquage et la sublimation au laser, avec un rev\u00eatement ext\u00e9rieur sp\u00e9cial&#8230;<\/p>\n","protected":false},"featured_media":27389,"template":"","meta":[],"product_cat":[346],"product_tag":[],"class_list":{"0":"post-27390","1":"product","2":"type-product","3":"status-publish","4":"has-post-thumbnail","6":"product_cat-mugs","8":"first","9":"instock","10":"shipping-taxable","11":"purchasable","12":"product-type-simple"},"_links":{"self":[{"href":"https:\/\/www.hapy-com.fr\/echoppe\/wp-json\/wp\/v2\/product\/27390","targetHints":{"allow":["GET"]}}],"collection":[{"href":"https:\/\/www.hapy-com.fr\/echoppe\/wp-json\/wp\/v2\/product"}],"about":[{"href":"https:\/\/www.hapy-com.fr\/echoppe\/wp-json\/wp\/v2\/types\/product"}],"wp:featuredmedia":[{"embeddable":true,"href":"https:\/\/www.hapy-com.fr\/echoppe\/wp-json\/wp\/v2\/media\/27389"}],"wp:attachment":[{"href":"https:\/\/www.hapy-com.fr\/echoppe\/wp-json\/wp\/v2\/media?parent=27390"}],"wp:term":[{"taxonomy":"product_cat","embeddable":true,"href":"https:\/\/www.hapy-com.fr\/echoppe\/wp-json\/wp\/v2\/product_cat?post=27390"},{"taxonomy":"product_tag","embeddable":true,"href":"https:\/\/www.hapy-com.fr\/echoppe\/wp-json\/wp\/v2\/product_tag?post=27390"}],"curies":[{"name":"wp","href":"https:\/\/api.w.org\/{rel}","templated":true}]}}