{"id":27408,"date":"2022-06-24T15:02:57","date_gmt":"2022-06-24T13:02:57","guid":{"rendered":"http:\/\/www.hapy-com.fr\/echoppe\/product\/thermo-tancher-3\/"},"modified":"2022-06-24T15:02:57","modified_gmt":"2022-06-24T13:02:57","slug":"thermo-tancher-3","status":"publish","type":"product","link":"https:\/\/www.hapy-com.fr\/echoppe\/product\/thermo-tancher-3\/","title":{"rendered":"Thermo Tancher"},"content":{"rendered":"<p>Thermos en acier inoxydable d\u00b4une contenance de 500ml en finition brillante. Avec bouchon de s\u00e9curit\u00e9 et tasse. Pr\u00e9sent\u00e9 dans une bo\u00eete \u00e9l\u00e9gante.<\/p>\n","protected":false},"excerpt":{"rendered":"<p>Thermos en acier inoxydable d\u00b4une contenance de 500ml en finition brillante. Avec bouchon de s\u00e9curit\u00e9 et tasse. Pr\u00e9sent\u00e9 dans une bo\u00eete \u00e9l\u00e9gante.<\/p>\n","protected":false},"featured_media":27407,"template":"","meta":[],"product_cat":[346],"product_tag":[],"class_list":{"0":"post-27408","1":"product","2":"type-product","3":"status-publish","4":"has-post-thumbnail","6":"product_cat-mugs","8":"first","9":"instock","10":"shipping-taxable","11":"purchasable","12":"product-type-simple"},"_links":{"self":[{"href":"https:\/\/www.hapy-com.fr\/echoppe\/wp-json\/wp\/v2\/product\/27408","targetHints":{"allow":["GET"]}}],"collection":[{"href":"https:\/\/www.hapy-com.fr\/echoppe\/wp-json\/wp\/v2\/product"}],"about":[{"href":"https:\/\/www.hapy-com.fr\/echoppe\/wp-json\/wp\/v2\/types\/product"}],"wp:featuredmedia":[{"embeddable":true,"href":"https:\/\/www.hapy-com.fr\/echoppe\/wp-json\/wp\/v2\/media\/27407"}],"wp:attachment":[{"href":"https:\/\/www.hapy-com.fr\/echoppe\/wp-json\/wp\/v2\/media?parent=27408"}],"wp:term":[{"taxonomy":"product_cat","embeddable":true,"href":"https:\/\/www.hapy-com.fr\/echoppe\/wp-json\/wp\/v2\/product_cat?post=27408"},{"taxonomy":"product_tag","embeddable":true,"href":"https:\/\/www.hapy-com.fr\/echoppe\/wp-json\/wp\/v2\/product_tag?post=27408"}],"curies":[{"name":"wp","href":"https:\/\/api.w.org\/{rel}","templated":true}]}}