{"id":27416,"date":"2022-06-24T15:03:02","date_gmt":"2022-06-24T13:03:02","guid":{"rendered":"http:\/\/www.hapy-com.fr\/echoppe\/product\/etui-delhy\/"},"modified":"2022-06-24T15:03:02","modified_gmt":"2022-06-24T13:03:02","slug":"etui-delhy","status":"publish","type":"product","link":"https:\/\/www.hapy-com.fr\/echoppe\/product\/etui-delhy\/","title":{"rendered":"\u00c9tui Delhy"},"content":{"rendered":"<p>\u00c8tui pour bidon ou thermos en PVC r\u00e9sistant et isolant de finition argent\u00e9e. Id\u00e9al pour Tancher thermo -6009-.<\/p>\n","protected":false},"excerpt":{"rendered":"<p>\u00c8tui pour bidon ou thermos en PVC r\u00e9sistant et isolant de finition argent\u00e9e. Id\u00e9al pour Tancher thermo -6009-.<\/p>\n","protected":false},"featured_media":10776,"template":"","meta":[],"product_cat":[346],"product_tag":[],"class_list":{"0":"post-27416","1":"product","2":"type-product","3":"status-publish","4":"has-post-thumbnail","6":"product_cat-mugs","8":"first","9":"instock","10":"shipping-taxable","11":"purchasable","12":"product-type-simple"},"_links":{"self":[{"href":"https:\/\/www.hapy-com.fr\/echoppe\/wp-json\/wp\/v2\/product\/27416","targetHints":{"allow":["GET"]}}],"collection":[{"href":"https:\/\/www.hapy-com.fr\/echoppe\/wp-json\/wp\/v2\/product"}],"about":[{"href":"https:\/\/www.hapy-com.fr\/echoppe\/wp-json\/wp\/v2\/types\/product"}],"wp:featuredmedia":[{"embeddable":true,"href":"https:\/\/www.hapy-com.fr\/echoppe\/wp-json\/wp\/v2\/media\/10776"}],"wp:attachment":[{"href":"https:\/\/www.hapy-com.fr\/echoppe\/wp-json\/wp\/v2\/media?parent=27416"}],"wp:term":[{"taxonomy":"product_cat","embeddable":true,"href":"https:\/\/www.hapy-com.fr\/echoppe\/wp-json\/wp\/v2\/product_cat?post=27416"},{"taxonomy":"product_tag","embeddable":true,"href":"https:\/\/www.hapy-com.fr\/echoppe\/wp-json\/wp\/v2\/product_tag?post=27416"}],"curies":[{"name":"wp","href":"https:\/\/api.w.org\/{rel}","templated":true}]}}