{"id":27418,"date":"2022-06-24T15:03:02","date_gmt":"2022-06-24T13:03:02","guid":{"rendered":"http:\/\/www.hapy-com.fr\/echoppe\/product\/tasse-sublimation-neyms-2\/"},"modified":"2022-06-24T15:03:02","modified_gmt":"2022-06-24T13:03:02","slug":"tasse-sublimation-neyms-2","status":"publish","type":"product","link":"https:\/\/www.hapy-com.fr\/echoppe\/product\/tasse-sublimation-neyms-2\/","title":{"rendered":"Tasse Sublimation Neyms"},"content":{"rendered":"<p>Tasse en m\u00e9tal de design r\u00e9tro et capacit\u00e9 de 380ml, avec de petites imperfections pour un look vintage. Sp\u00e9cialement con\u00e7ue pour le marquage en sublimation, avec anneau chrom\u00e9 \u00e9l\u00e9gant et pr\u00e9sent\u00e9 dans la bo\u00eete individuelle.<\/p>\n","protected":false},"excerpt":{"rendered":"<p>Tasse en m\u00e9tal de design r\u00e9tro et capacit\u00e9 de 380ml, avec de petites imperfections pour un look vintage. Sp\u00e9cialement con\u00e7ue pour le marquage en sublimation, avec anneau chrom\u00e9 \u00e9l\u00e9gant et&#8230;<\/p>\n","protected":false},"featured_media":10778,"template":"","meta":[],"product_cat":[346],"product_tag":[],"class_list":{"0":"post-27418","1":"product","2":"type-product","3":"status-publish","4":"has-post-thumbnail","6":"product_cat-mugs","8":"first","9":"instock","10":"shipping-taxable","11":"purchasable","12":"product-type-simple"},"_links":{"self":[{"href":"https:\/\/www.hapy-com.fr\/echoppe\/wp-json\/wp\/v2\/product\/27418","targetHints":{"allow":["GET"]}}],"collection":[{"href":"https:\/\/www.hapy-com.fr\/echoppe\/wp-json\/wp\/v2\/product"}],"about":[{"href":"https:\/\/www.hapy-com.fr\/echoppe\/wp-json\/wp\/v2\/types\/product"}],"wp:featuredmedia":[{"embeddable":true,"href":"https:\/\/www.hapy-com.fr\/echoppe\/wp-json\/wp\/v2\/media\/10778"}],"wp:attachment":[{"href":"https:\/\/www.hapy-com.fr\/echoppe\/wp-json\/wp\/v2\/media?parent=27418"}],"wp:term":[{"taxonomy":"product_cat","embeddable":true,"href":"https:\/\/www.hapy-com.fr\/echoppe\/wp-json\/wp\/v2\/product_cat?post=27418"},{"taxonomy":"product_tag","embeddable":true,"href":"https:\/\/www.hapy-com.fr\/echoppe\/wp-json\/wp\/v2\/product_tag?post=27418"}],"curies":[{"name":"wp","href":"https:\/\/api.w.org\/{rel}","templated":true}]}}