{"id":27448,"date":"2022-06-24T15:03:25","date_gmt":"2022-06-24T13:03:25","guid":{"rendered":"http:\/\/www.hapy-com.fr\/echoppe\/product\/bidon-nelsin-2\/"},"modified":"2022-06-24T15:03:25","modified_gmt":"2022-06-24T13:03:25","slug":"bidon-nelsin-2","status":"publish","type":"product","link":"https:\/\/www.hapy-com.fr\/echoppe\/product\/bidon-nelsin-2\/","title":{"rendered":"Bidon Nelsin"},"content":{"rendered":"<p>Bidon de haute qualit\u00e9 et d`une capacit\u00e9 de 580ml. Mat\u00e9riau tritan r\u00e9sistant \u00e0 la chaleur (70\u00b0c) et sans BPA. Transparent avec capuchon de couleur et \u00e9quip\u00e9 d`un filet de s\u00e9curit\u00e9. Bouton pour ouverture facile avec poign\u00e9e de transport.<\/p>\n","protected":false},"excerpt":{"rendered":"<p>Bidon de haute qualit\u00e9 et d`une capacit\u00e9 de 580ml. Mat\u00e9riau tritan r\u00e9sistant \u00e0 la chaleur (70\u00b0c) et sans BPA. Transparent avec capuchon de couleur et \u00e9quip\u00e9 d`un filet de s\u00e9curit\u00e9&#8230;.<\/p>\n","protected":false},"featured_media":10800,"template":"","meta":[],"product_cat":[346],"product_tag":[],"class_list":{"0":"post-27448","1":"product","2":"type-product","3":"status-publish","4":"has-post-thumbnail","6":"product_cat-mugs","8":"first","9":"instock","10":"shipping-taxable","11":"purchasable","12":"product-type-simple"},"_links":{"self":[{"href":"https:\/\/www.hapy-com.fr\/echoppe\/wp-json\/wp\/v2\/product\/27448","targetHints":{"allow":["GET"]}}],"collection":[{"href":"https:\/\/www.hapy-com.fr\/echoppe\/wp-json\/wp\/v2\/product"}],"about":[{"href":"https:\/\/www.hapy-com.fr\/echoppe\/wp-json\/wp\/v2\/types\/product"}],"wp:featuredmedia":[{"embeddable":true,"href":"https:\/\/www.hapy-com.fr\/echoppe\/wp-json\/wp\/v2\/media\/10800"}],"wp:attachment":[{"href":"https:\/\/www.hapy-com.fr\/echoppe\/wp-json\/wp\/v2\/media?parent=27448"}],"wp:term":[{"taxonomy":"product_cat","embeddable":true,"href":"https:\/\/www.hapy-com.fr\/echoppe\/wp-json\/wp\/v2\/product_cat?post=27448"},{"taxonomy":"product_tag","embeddable":true,"href":"https:\/\/www.hapy-com.fr\/echoppe\/wp-json\/wp\/v2\/product_tag?post=27448"}],"curies":[{"name":"wp","href":"https:\/\/api.w.org\/{rel}","templated":true}]}}