{"id":27452,"date":"2022-06-24T15:03:28","date_gmt":"2022-06-24T13:03:28","guid":{"rendered":"http:\/\/www.hapy-com.fr\/echoppe\/product\/bidon-burdis-2\/"},"modified":"2022-06-24T15:03:28","modified_gmt":"2022-06-24T13:03:28","slug":"bidon-burdis-2","status":"publish","type":"product","link":"https:\/\/www.hapy-com.fr\/echoppe\/product\/bidon-burdis-2\/","title":{"rendered":"Bidon Burdis"},"content":{"rendered":"<p>Gourde de la gamme \u00e9co-friendly. Capacit\u00e9 de 420 ml. Corps en verre et bouchon \u00e0 viser en bambou. Cordon tress\u00e9 de couleur naturelle id\u00e9al pour le transport. Pr\u00e9sent\u00e9 dans une bo\u00eete individuelle de design attrayant. 430 ml pr\u00e9sentation individuelle. Verre \/ Bambou<\/p>\n","protected":false},"excerpt":{"rendered":"<p>Gourde de la gamme \u00e9co-friendly. Capacit\u00e9 de 420 ml. Corps en verre et bouchon \u00e0 viser en bambou. Cordon tress\u00e9 de couleur naturelle id\u00e9al pour le transport. Pr\u00e9sent\u00e9 dans une&#8230;<\/p>\n","protected":false},"featured_media":10802,"template":"","meta":[],"product_cat":[346],"product_tag":[],"class_list":{"0":"post-27452","1":"product","2":"type-product","3":"status-publish","4":"has-post-thumbnail","6":"product_cat-mugs","8":"first","9":"instock","10":"shipping-taxable","11":"purchasable","12":"product-type-simple"},"_links":{"self":[{"href":"https:\/\/www.hapy-com.fr\/echoppe\/wp-json\/wp\/v2\/product\/27452","targetHints":{"allow":["GET"]}}],"collection":[{"href":"https:\/\/www.hapy-com.fr\/echoppe\/wp-json\/wp\/v2\/product"}],"about":[{"href":"https:\/\/www.hapy-com.fr\/echoppe\/wp-json\/wp\/v2\/types\/product"}],"wp:featuredmedia":[{"embeddable":true,"href":"https:\/\/www.hapy-com.fr\/echoppe\/wp-json\/wp\/v2\/media\/10802"}],"wp:attachment":[{"href":"https:\/\/www.hapy-com.fr\/echoppe\/wp-json\/wp\/v2\/media?parent=27452"}],"wp:term":[{"taxonomy":"product_cat","embeddable":true,"href":"https:\/\/www.hapy-com.fr\/echoppe\/wp-json\/wp\/v2\/product_cat?post=27452"},{"taxonomy":"product_tag","embeddable":true,"href":"https:\/\/www.hapy-com.fr\/echoppe\/wp-json\/wp\/v2\/product_tag?post=27452"}],"curies":[{"name":"wp","href":"https:\/\/api.w.org\/{rel}","templated":true}]}}