{"id":27455,"date":"2022-06-24T15:03:30","date_gmt":"2022-06-24T13:03:30","guid":{"rendered":"http:\/\/www.hapy-com.fr\/echoppe\/product\/thermo-poltax-3\/"},"modified":"2022-06-24T15:03:30","modified_gmt":"2022-06-24T13:03:30","slug":"thermo-poltax-3","status":"publish","type":"product","link":"https:\/\/www.hapy-com.fr\/echoppe\/product\/thermo-poltax-3\/","title":{"rendered":"Thermo Poltax"},"content":{"rendered":"<p>Thermo en acier inoxydable d une capacit\u00e9 de 330 ml. Avec une double couverture pour une meilleure conservation de la temp\u00e9rature et plus durable et avec un syst\u00e8me d ouverture facile avec bouton. Disponible dans une vari\u00e9t\u00e9 de couleurs et pr\u00e9sent\u00e9 dans un \u00e9tui design attrayant.<\/p>\n","protected":false},"excerpt":{"rendered":"<p>Thermo en acier inoxydable d une capacit\u00e9 de 330 ml. Avec une double couverture pour une meilleure conservation de la temp\u00e9rature et plus durable et avec un syst\u00e8me d ouverture&#8230;<\/p>\n","protected":false},"featured_media":27454,"template":"","meta":[],"product_cat":[346],"product_tag":[],"class_list":{"0":"post-27455","1":"product","2":"type-product","3":"status-publish","4":"has-post-thumbnail","6":"product_cat-mugs","8":"first","9":"instock","10":"shipping-taxable","11":"purchasable","12":"product-type-simple"},"_links":{"self":[{"href":"https:\/\/www.hapy-com.fr\/echoppe\/wp-json\/wp\/v2\/product\/27455","targetHints":{"allow":["GET"]}}],"collection":[{"href":"https:\/\/www.hapy-com.fr\/echoppe\/wp-json\/wp\/v2\/product"}],"about":[{"href":"https:\/\/www.hapy-com.fr\/echoppe\/wp-json\/wp\/v2\/types\/product"}],"wp:featuredmedia":[{"embeddable":true,"href":"https:\/\/www.hapy-com.fr\/echoppe\/wp-json\/wp\/v2\/media\/27454"}],"wp:attachment":[{"href":"https:\/\/www.hapy-com.fr\/echoppe\/wp-json\/wp\/v2\/media?parent=27455"}],"wp:term":[{"taxonomy":"product_cat","embeddable":true,"href":"https:\/\/www.hapy-com.fr\/echoppe\/wp-json\/wp\/v2\/product_cat?post=27455"},{"taxonomy":"product_tag","embeddable":true,"href":"https:\/\/www.hapy-com.fr\/echoppe\/wp-json\/wp\/v2\/product_tag?post=27455"}],"curies":[{"name":"wp","href":"https:\/\/api.w.org\/{rel}","templated":true}]}}