{"id":27465,"date":"2022-06-24T15:03:37","date_gmt":"2022-06-24T13:03:37","guid":{"rendered":"http:\/\/www.hapy-com.fr\/echoppe\/product\/verre-ripon-5\/"},"modified":"2022-06-24T15:03:37","modified_gmt":"2022-06-24T13:03:37","slug":"verre-ripon-5","status":"publish","type":"product","link":"https:\/\/www.hapy-com.fr\/echoppe\/product\/verre-ripon-5\/","title":{"rendered":"Verre Ripon"},"content":{"rendered":"<p>Mug de 350 ml, en acier inoxydable. Finition biseaut\u00e9 sur la partie principale, tr\u00e8s tendance avec un liser\u00e9 noir. Disponible dans diff\u00e9rents coloris, Livr\u00e9 en boite individuelle.<\/p>\n","protected":false},"excerpt":{"rendered":"<p>Mug de 350 ml, en acier inoxydable. Finition biseaut\u00e9 sur la partie principale, tr\u00e8s tendance avec un liser\u00e9 noir. Disponible dans diff\u00e9rents coloris, Livr\u00e9 en boite individuelle.<\/p>\n","protected":false},"featured_media":27464,"template":"","meta":[],"product_cat":[346],"product_tag":[],"class_list":{"0":"post-27465","1":"product","2":"type-product","3":"status-publish","4":"has-post-thumbnail","6":"product_cat-mugs","8":"first","9":"instock","10":"shipping-taxable","11":"purchasable","12":"product-type-simple"},"_links":{"self":[{"href":"https:\/\/www.hapy-com.fr\/echoppe\/wp-json\/wp\/v2\/product\/27465","targetHints":{"allow":["GET"]}}],"collection":[{"href":"https:\/\/www.hapy-com.fr\/echoppe\/wp-json\/wp\/v2\/product"}],"about":[{"href":"https:\/\/www.hapy-com.fr\/echoppe\/wp-json\/wp\/v2\/types\/product"}],"wp:featuredmedia":[{"embeddable":true,"href":"https:\/\/www.hapy-com.fr\/echoppe\/wp-json\/wp\/v2\/media\/27464"}],"wp:attachment":[{"href":"https:\/\/www.hapy-com.fr\/echoppe\/wp-json\/wp\/v2\/media?parent=27465"}],"wp:term":[{"taxonomy":"product_cat","embeddable":true,"href":"https:\/\/www.hapy-com.fr\/echoppe\/wp-json\/wp\/v2\/product_cat?post=27465"},{"taxonomy":"product_tag","embeddable":true,"href":"https:\/\/www.hapy-com.fr\/echoppe\/wp-json\/wp\/v2\/product_tag?post=27465"}],"curies":[{"name":"wp","href":"https:\/\/api.w.org\/{rel}","templated":true}]}}