{"id":27468,"date":"2022-06-24T15:03:39","date_gmt":"2022-06-24T13:03:39","guid":{"rendered":"http:\/\/www.hapy-com.fr\/echoppe\/product\/tasse-sublimation-talmex-2\/"},"modified":"2022-06-24T15:03:39","modified_gmt":"2022-06-24T13:03:39","slug":"tasse-sublimation-talmex-2","status":"publish","type":"product","link":"https:\/\/www.hapy-com.fr\/echoppe\/product\/tasse-sublimation-talmex-2\/","title":{"rendered":"Tasse Sublimation Talmex"},"content":{"rendered":"<p>Mug en c\u00e9ramique d\u00b4une capacit\u00e9 de 350ml. Fini mat, sp\u00e9cialement con\u00e7u pour le marquage en sublimation. Passe au micro-onde et au lave-vaisselle. Pr\u00e9sent\u00e9e dans une bo\u00eete individuelle.<\/p>\n","protected":false},"excerpt":{"rendered":"<p>Mug en c\u00e9ramique d\u00b4une capacit\u00e9 de 350ml. Fini mat, sp\u00e9cialement con\u00e7u pour le marquage en sublimation. Passe au micro-onde et au lave-vaisselle. Pr\u00e9sent\u00e9e dans une bo\u00eete individuelle.<\/p>\n","protected":false},"featured_media":10812,"template":"","meta":[],"product_cat":[346],"product_tag":[],"class_list":{"0":"post-27468","1":"product","2":"type-product","3":"status-publish","4":"has-post-thumbnail","6":"product_cat-mugs","8":"first","9":"instock","10":"shipping-taxable","11":"purchasable","12":"product-type-simple"},"_links":{"self":[{"href":"https:\/\/www.hapy-com.fr\/echoppe\/wp-json\/wp\/v2\/product\/27468","targetHints":{"allow":["GET"]}}],"collection":[{"href":"https:\/\/www.hapy-com.fr\/echoppe\/wp-json\/wp\/v2\/product"}],"about":[{"href":"https:\/\/www.hapy-com.fr\/echoppe\/wp-json\/wp\/v2\/types\/product"}],"wp:featuredmedia":[{"embeddable":true,"href":"https:\/\/www.hapy-com.fr\/echoppe\/wp-json\/wp\/v2\/media\/10812"}],"wp:attachment":[{"href":"https:\/\/www.hapy-com.fr\/echoppe\/wp-json\/wp\/v2\/media?parent=27468"}],"wp:term":[{"taxonomy":"product_cat","embeddable":true,"href":"https:\/\/www.hapy-com.fr\/echoppe\/wp-json\/wp\/v2\/product_cat?post=27468"},{"taxonomy":"product_tag","embeddable":true,"href":"https:\/\/www.hapy-com.fr\/echoppe\/wp-json\/wp\/v2\/product_tag?post=27468"}],"curies":[{"name":"wp","href":"https:\/\/api.w.org\/{rel}","templated":true}]}}