{"id":27473,"date":"2022-06-24T15:03:43","date_gmt":"2022-06-24T13:03:43","guid":{"rendered":"http:\/\/www.hapy-com.fr\/echoppe\/product\/verre-keylor-4\/"},"modified":"2022-06-24T15:03:43","modified_gmt":"2022-06-24T13:03:43","slug":"verre-keylor-4","status":"publish","type":"product","link":"https:\/\/www.hapy-com.fr\/echoppe\/product\/verre-keylor-4\/","title":{"rendered":"Verre Keylor"},"content":{"rendered":"<p>Mug blanc en c\u00e9ramique d\u00b4une capacit\u00e9 de 400ml. Le couvercle est en silicone et disponible en plusieurs coloris. Dimensions tasse sans couvercle : \u00d8 9 (sup) x 13,6 cm et \u00d8 6 (inf) Passe au lave-vaisselle et au micro-onde. Pr\u00e9sent\u00e9 dans une bo\u00eete individuelle.<\/p>\n","protected":false},"excerpt":{"rendered":"<p>Mug blanc en c\u00e9ramique d\u00b4une capacit\u00e9 de 400ml. Le couvercle est en silicone et disponible en plusieurs coloris. Dimensions tasse sans couvercle : \u00d8 9 (sup) x 13,6 cm et&#8230;<\/p>\n","protected":false},"featured_media":27472,"template":"","meta":[],"product_cat":[346],"product_tag":[],"class_list":{"0":"post-27473","1":"product","2":"type-product","3":"status-publish","4":"has-post-thumbnail","6":"product_cat-mugs","8":"first","9":"instock","10":"shipping-taxable","11":"purchasable","12":"product-type-simple"},"_links":{"self":[{"href":"https:\/\/www.hapy-com.fr\/echoppe\/wp-json\/wp\/v2\/product\/27473","targetHints":{"allow":["GET"]}}],"collection":[{"href":"https:\/\/www.hapy-com.fr\/echoppe\/wp-json\/wp\/v2\/product"}],"about":[{"href":"https:\/\/www.hapy-com.fr\/echoppe\/wp-json\/wp\/v2\/types\/product"}],"wp:featuredmedia":[{"embeddable":true,"href":"https:\/\/www.hapy-com.fr\/echoppe\/wp-json\/wp\/v2\/media\/27472"}],"wp:attachment":[{"href":"https:\/\/www.hapy-com.fr\/echoppe\/wp-json\/wp\/v2\/media?parent=27473"}],"wp:term":[{"taxonomy":"product_cat","embeddable":true,"href":"https:\/\/www.hapy-com.fr\/echoppe\/wp-json\/wp\/v2\/product_cat?post=27473"},{"taxonomy":"product_tag","embeddable":true,"href":"https:\/\/www.hapy-com.fr\/echoppe\/wp-json\/wp\/v2\/product_tag?post=27473"}],"curies":[{"name":"wp","href":"https:\/\/api.w.org\/{rel}","templated":true}]}}