{"id":27477,"date":"2022-06-24T15:03:45","date_gmt":"2022-06-24T13:03:45","guid":{"rendered":"http:\/\/www.hapy-com.fr\/echoppe\/product\/verre-shifen-2\/"},"modified":"2022-06-24T15:03:45","modified_gmt":"2022-06-24T13:03:45","slug":"verre-shifen-2","status":"publish","type":"product","link":"https:\/\/www.hapy-com.fr\/echoppe\/product\/verre-shifen-2\/","title":{"rendered":"Verre Shifen"},"content":{"rendered":"<p>Verre de 500 ml de capacit\u00e9, ligne de nature en combinaison de base de li\u00e8ge naturel avec le corps en acier inoxydable en acier blanc. Avec une double couverture pour une meilleure conservation et plus durable de la temp\u00e9rature et un bouchon de dosage transparent original. Pr\u00e9sent\u00e9 dans la bo\u00eete attrayante de conception.<\/p>\n","protected":false},"excerpt":{"rendered":"<p>Verre de 500 ml de capacit\u00e9, ligne de nature en combinaison de base de li\u00e8ge naturel avec le corps en acier inoxydable en acier blanc. Avec une double couverture pour&#8230;<\/p>\n","protected":false},"featured_media":10829,"template":"","meta":[],"product_cat":[346],"product_tag":[],"class_list":{"0":"post-27477","1":"product","2":"type-product","3":"status-publish","4":"has-post-thumbnail","6":"product_cat-mugs","8":"first","9":"instock","10":"shipping-taxable","11":"purchasable","12":"product-type-simple"},"_links":{"self":[{"href":"https:\/\/www.hapy-com.fr\/echoppe\/wp-json\/wp\/v2\/product\/27477","targetHints":{"allow":["GET"]}}],"collection":[{"href":"https:\/\/www.hapy-com.fr\/echoppe\/wp-json\/wp\/v2\/product"}],"about":[{"href":"https:\/\/www.hapy-com.fr\/echoppe\/wp-json\/wp\/v2\/types\/product"}],"wp:featuredmedia":[{"embeddable":true,"href":"https:\/\/www.hapy-com.fr\/echoppe\/wp-json\/wp\/v2\/media\/10829"}],"wp:attachment":[{"href":"https:\/\/www.hapy-com.fr\/echoppe\/wp-json\/wp\/v2\/media?parent=27477"}],"wp:term":[{"taxonomy":"product_cat","embeddable":true,"href":"https:\/\/www.hapy-com.fr\/echoppe\/wp-json\/wp\/v2\/product_cat?post=27477"},{"taxonomy":"product_tag","embeddable":true,"href":"https:\/\/www.hapy-com.fr\/echoppe\/wp-json\/wp\/v2\/product_tag?post=27477"}],"curies":[{"name":"wp","href":"https:\/\/api.w.org\/{rel}","templated":true}]}}