{"id":27478,"date":"2022-06-24T15:03:45","date_gmt":"2022-06-24T13:03:45","guid":{"rendered":"http:\/\/www.hapy-com.fr\/echoppe\/product\/tasse-korpus-2\/"},"modified":"2022-06-24T15:03:45","modified_gmt":"2022-06-24T13:03:45","slug":"tasse-korpus-2","status":"publish","type":"product","link":"https:\/\/www.hapy-com.fr\/echoppe\/product\/tasse-korpus-2\/","title":{"rendered":"Tasse Korpus"},"content":{"rendered":"<p>Tasse en c\u00e9ramique de 480ml. Finition mat, avec design allong\u00e9 et grande poign\u00e9e. Passe au lave-vaisselle et au micro-onde. Pr\u00e9sent\u00e9 dans une bo\u00eete individuelle.<\/p>\n","protected":false},"excerpt":{"rendered":"<p>Tasse en c\u00e9ramique de 480ml. Finition mat, avec design allong\u00e9 et grande poign\u00e9e. Passe au lave-vaisselle et au micro-onde. Pr\u00e9sent\u00e9 dans une bo\u00eete individuelle.<\/p>\n","protected":false},"featured_media":10830,"template":"","meta":[],"product_cat":[346],"product_tag":[],"class_list":{"0":"post-27478","1":"product","2":"type-product","3":"status-publish","4":"has-post-thumbnail","6":"product_cat-mugs","8":"first","9":"instock","10":"shipping-taxable","11":"purchasable","12":"product-type-simple"},"_links":{"self":[{"href":"https:\/\/www.hapy-com.fr\/echoppe\/wp-json\/wp\/v2\/product\/27478","targetHints":{"allow":["GET"]}}],"collection":[{"href":"https:\/\/www.hapy-com.fr\/echoppe\/wp-json\/wp\/v2\/product"}],"about":[{"href":"https:\/\/www.hapy-com.fr\/echoppe\/wp-json\/wp\/v2\/types\/product"}],"wp:featuredmedia":[{"embeddable":true,"href":"https:\/\/www.hapy-com.fr\/echoppe\/wp-json\/wp\/v2\/media\/10830"}],"wp:attachment":[{"href":"https:\/\/www.hapy-com.fr\/echoppe\/wp-json\/wp\/v2\/media?parent=27478"}],"wp:term":[{"taxonomy":"product_cat","embeddable":true,"href":"https:\/\/www.hapy-com.fr\/echoppe\/wp-json\/wp\/v2\/product_cat?post=27478"},{"taxonomy":"product_tag","embeddable":true,"href":"https:\/\/www.hapy-com.fr\/echoppe\/wp-json\/wp\/v2\/product_tag?post=27478"}],"curies":[{"name":"wp","href":"https:\/\/api.w.org\/{rel}","templated":true}]}}