{"id":27502,"date":"2022-06-24T15:04:04","date_gmt":"2022-06-24T13:04:04","guid":{"rendered":"http:\/\/www.hapy-com.fr\/echoppe\/product\/verre-domex-8\/"},"modified":"2022-06-24T15:04:04","modified_gmt":"2022-06-24T13:04:04","slug":"verre-domex-8","status":"publish","type":"product","link":"https:\/\/www.hapy-com.fr\/echoppe\/product\/verre-domex-8\/","title":{"rendered":"Verre Domex"},"content":{"rendered":"<p>Mug isotherme en acier inoxydable d\u00b4une capacit\u00e9 de 450 ml. Tasse double paroi pour une meilleure et plus longue conservation de la temp\u00e9rature des liquides. Couvercle de s\u00e9curit\u00e9 et base rembourr\u00e9e en mousse souple. Disponible dans une large gamme de couleurs m\u00e9talliques et pr\u00e9sent\u00e9e dans une bo\u00eete design.<\/p>\n","protected":false},"excerpt":{"rendered":"<p>Mug isotherme en acier inoxydable d\u00b4une capacit\u00e9 de 450 ml. Tasse double paroi pour une meilleure et plus longue conservation de la temp\u00e9rature des liquides. Couvercle de s\u00e9curit\u00e9 et base&#8230;<\/p>\n","protected":false},"featured_media":27501,"template":"","meta":[],"product_cat":[346],"product_tag":[],"class_list":{"0":"post-27502","1":"product","2":"type-product","3":"status-publish","4":"has-post-thumbnail","6":"product_cat-mugs","8":"first","9":"instock","10":"shipping-taxable","11":"purchasable","12":"product-type-simple"},"_links":{"self":[{"href":"https:\/\/www.hapy-com.fr\/echoppe\/wp-json\/wp\/v2\/product\/27502","targetHints":{"allow":["GET"]}}],"collection":[{"href":"https:\/\/www.hapy-com.fr\/echoppe\/wp-json\/wp\/v2\/product"}],"about":[{"href":"https:\/\/www.hapy-com.fr\/echoppe\/wp-json\/wp\/v2\/types\/product"}],"wp:featuredmedia":[{"embeddable":true,"href":"https:\/\/www.hapy-com.fr\/echoppe\/wp-json\/wp\/v2\/media\/27501"}],"wp:attachment":[{"href":"https:\/\/www.hapy-com.fr\/echoppe\/wp-json\/wp\/v2\/media?parent=27502"}],"wp:term":[{"taxonomy":"product_cat","embeddable":true,"href":"https:\/\/www.hapy-com.fr\/echoppe\/wp-json\/wp\/v2\/product_cat?post=27502"},{"taxonomy":"product_tag","embeddable":true,"href":"https:\/\/www.hapy-com.fr\/echoppe\/wp-json\/wp\/v2\/product_tag?post=27502"}],"curies":[{"name":"wp","href":"https:\/\/api.w.org\/{rel}","templated":true}]}}