{"id":27507,"date":"2022-06-24T15:04:07","date_gmt":"2022-06-24T13:04:07","guid":{"rendered":"http:\/\/www.hapy-com.fr\/echoppe\/product\/bidon-halvar-4\/"},"modified":"2022-06-24T15:04:07","modified_gmt":"2022-06-24T13:04:07","slug":"bidon-halvar-4","status":"publish","type":"product","link":"https:\/\/www.hapy-com.fr\/echoppe\/product\/bidon-halvar-4\/","title":{"rendered":"Bidon Halvar"},"content":{"rendered":"<p>Gourde \/ bouteille  au design  bicolore avec un corps de couleur blanche et un bouchon &#038; mousqueton dans une large gamme de couleurs. Capacit\u00e9 de 400 ml et finition en aluminium,  compris une ouverture \u00e0 visser sans BPA, de couleur assortie au mousqueton. Pr\u00e9sent\u00e9 dans une bo\u00eete  design .<\/p>\n","protected":false},"excerpt":{"rendered":"<p>Gourde \/ bouteille au design bicolore avec un corps de couleur blanche et un bouchon &#038; mousqueton dans une large gamme de couleurs. Capacit\u00e9 de 400 ml et finition en&#8230;<\/p>\n","protected":false},"featured_media":27506,"template":"","meta":[],"product_cat":[346],"product_tag":[],"class_list":{"0":"post-27507","1":"product","2":"type-product","3":"status-publish","4":"has-post-thumbnail","6":"product_cat-mugs","8":"first","9":"instock","10":"shipping-taxable","11":"purchasable","12":"product-type-simple"},"_links":{"self":[{"href":"https:\/\/www.hapy-com.fr\/echoppe\/wp-json\/wp\/v2\/product\/27507","targetHints":{"allow":["GET"]}}],"collection":[{"href":"https:\/\/www.hapy-com.fr\/echoppe\/wp-json\/wp\/v2\/product"}],"about":[{"href":"https:\/\/www.hapy-com.fr\/echoppe\/wp-json\/wp\/v2\/types\/product"}],"wp:featuredmedia":[{"embeddable":true,"href":"https:\/\/www.hapy-com.fr\/echoppe\/wp-json\/wp\/v2\/media\/27506"}],"wp:attachment":[{"href":"https:\/\/www.hapy-com.fr\/echoppe\/wp-json\/wp\/v2\/media?parent=27507"}],"wp:term":[{"taxonomy":"product_cat","embeddable":true,"href":"https:\/\/www.hapy-com.fr\/echoppe\/wp-json\/wp\/v2\/product_cat?post=27507"},{"taxonomy":"product_tag","embeddable":true,"href":"https:\/\/www.hapy-com.fr\/echoppe\/wp-json\/wp\/v2\/product_tag?post=27507"}],"curies":[{"name":"wp","href":"https:\/\/api.w.org\/{rel}","templated":true}]}}