{"id":27510,"date":"2022-06-24T15:04:10","date_gmt":"2022-06-24T13:04:10","guid":{"rendered":"http:\/\/www.hapy-com.fr\/echoppe\/product\/verre-plibun-2\/"},"modified":"2022-06-24T15:04:10","modified_gmt":"2022-06-24T13:04:10","slug":"verre-plibun-2","status":"publish","type":"product","link":"https:\/\/www.hapy-com.fr\/echoppe\/product\/verre-plibun-2\/","title":{"rendered":"Verre Plibun"},"content":{"rendered":"<p>Mug de voyage \u00e9co-friendly, en li\u00e8ge naturel. Capacit\u00e9 350 ml, avec couvercle bouchon anti-\u00e9claboussure en PP. Garantie sans BPA. Ne passe pas au lave-vaisselle et au micro-ondes.<\/p>\n","protected":false},"excerpt":{"rendered":"<p>Mug de voyage \u00e9co-friendly, en li\u00e8ge naturel. Capacit\u00e9 350 ml, avec couvercle bouchon anti-\u00e9claboussure en PP. Garantie sans BPA. Ne passe pas au lave-vaisselle et au micro-ondes.<\/p>\n","protected":false},"featured_media":10876,"template":"","meta":[],"product_cat":[346],"product_tag":[],"class_list":{"0":"post-27510","1":"product","2":"type-product","3":"status-publish","4":"has-post-thumbnail","6":"product_cat-mugs","8":"first","9":"instock","10":"shipping-taxable","11":"purchasable","12":"product-type-simple"},"_links":{"self":[{"href":"https:\/\/www.hapy-com.fr\/echoppe\/wp-json\/wp\/v2\/product\/27510","targetHints":{"allow":["GET"]}}],"collection":[{"href":"https:\/\/www.hapy-com.fr\/echoppe\/wp-json\/wp\/v2\/product"}],"about":[{"href":"https:\/\/www.hapy-com.fr\/echoppe\/wp-json\/wp\/v2\/types\/product"}],"wp:featuredmedia":[{"embeddable":true,"href":"https:\/\/www.hapy-com.fr\/echoppe\/wp-json\/wp\/v2\/media\/10876"}],"wp:attachment":[{"href":"https:\/\/www.hapy-com.fr\/echoppe\/wp-json\/wp\/v2\/media?parent=27510"}],"wp:term":[{"taxonomy":"product_cat","embeddable":true,"href":"https:\/\/www.hapy-com.fr\/echoppe\/wp-json\/wp\/v2\/product_cat?post=27510"},{"taxonomy":"product_tag","embeddable":true,"href":"https:\/\/www.hapy-com.fr\/echoppe\/wp-json\/wp\/v2\/product_tag?post=27510"}],"curies":[{"name":"wp","href":"https:\/\/api.w.org\/{rel}","templated":true}]}}