{"id":27512,"date":"2022-06-24T15:04:11","date_gmt":"2022-06-24T13:04:11","guid":{"rendered":"http:\/\/www.hapy-com.fr\/echoppe\/product\/bidon-lurok-2\/"},"modified":"2022-06-24T15:04:11","modified_gmt":"2022-06-24T13:04:11","slug":"bidon-lurok-2","status":"publish","type":"product","link":"https:\/\/www.hapy-com.fr\/echoppe\/product\/bidon-lurok-2\/","title":{"rendered":"Bidon Lurok"},"content":{"rendered":"<p>Gourde en verre et bambou de la collection gamme \u00e9co-friendly. Bouteille d\u00b4une capacit\u00e9 530 ml, avec bouchon \u00e0 vis en bambou et \u00e9tui en n\u00e9opr\u00e8ne blanc. Anse de transport en couleur naturel camel, pr\u00e9sent\u00e9e dans une bo\u00eete \u00e9co design.<\/p>\n","protected":false},"excerpt":{"rendered":"<p>Gourde en verre et bambou de la collection gamme \u00e9co-friendly. Bouteille d\u00b4une capacit\u00e9 530 ml, avec bouchon \u00e0 vis en bambou et \u00e9tui en n\u00e9opr\u00e8ne blanc. Anse de transport en&#8230;<\/p>\n","protected":false},"featured_media":10881,"template":"","meta":[],"product_cat":[346],"product_tag":[],"class_list":{"0":"post-27512","1":"product","2":"type-product","3":"status-publish","4":"has-post-thumbnail","6":"product_cat-mugs","8":"first","9":"instock","10":"shipping-taxable","11":"purchasable","12":"product-type-simple"},"_links":{"self":[{"href":"https:\/\/www.hapy-com.fr\/echoppe\/wp-json\/wp\/v2\/product\/27512","targetHints":{"allow":["GET"]}}],"collection":[{"href":"https:\/\/www.hapy-com.fr\/echoppe\/wp-json\/wp\/v2\/product"}],"about":[{"href":"https:\/\/www.hapy-com.fr\/echoppe\/wp-json\/wp\/v2\/types\/product"}],"wp:featuredmedia":[{"embeddable":true,"href":"https:\/\/www.hapy-com.fr\/echoppe\/wp-json\/wp\/v2\/media\/10881"}],"wp:attachment":[{"href":"https:\/\/www.hapy-com.fr\/echoppe\/wp-json\/wp\/v2\/media?parent=27512"}],"wp:term":[{"taxonomy":"product_cat","embeddable":true,"href":"https:\/\/www.hapy-com.fr\/echoppe\/wp-json\/wp\/v2\/product_cat?post=27512"},{"taxonomy":"product_tag","embeddable":true,"href":"https:\/\/www.hapy-com.fr\/echoppe\/wp-json\/wp\/v2\/product_tag?post=27512"}],"curies":[{"name":"wp","href":"https:\/\/api.w.org\/{rel}","templated":true}]}}