{"id":27515,"date":"2022-06-24T15:04:14","date_gmt":"2022-06-24T13:04:14","guid":{"rendered":"http:\/\/www.hapy-com.fr\/echoppe\/product\/lanyard-porte-verre-frinly-3\/"},"modified":"2022-06-24T15:04:14","modified_gmt":"2022-06-24T13:04:14","slug":"lanyard-porte-verre-frinly-3","status":"publish","type":"product","link":"https:\/\/www.hapy-com.fr\/echoppe\/product\/lanyard-porte-verre-frinly-3\/","title":{"rendered":"Lanyard Porte Verre Frinly"},"content":{"rendered":"<p>Les personnes les plus festives viennent de trouver accessoire parfait pour profiter de tout \u00e9v\u00e9nement les mains libres. Avec ruban en polyester et porte-gobelet en silicone 100% adaptable et r\u00e9sistant, disponible dans une large gamme de couleurs.<\/p>\n","protected":false},"excerpt":{"rendered":"<p>Les personnes les plus festives viennent de trouver accessoire parfait pour profiter de tout \u00e9v\u00e9nement les mains libres. Avec ruban en polyester et porte-gobelet en silicone 100% adaptable et r\u00e9sistant,&#8230;<\/p>\n","protected":false},"featured_media":27514,"template":"","meta":[],"product_cat":[346],"product_tag":[],"class_list":{"0":"post-27515","1":"product","2":"type-product","3":"status-publish","4":"has-post-thumbnail","6":"product_cat-mugs","8":"first","9":"instock","10":"shipping-taxable","11":"purchasable","12":"product-type-simple"},"_links":{"self":[{"href":"https:\/\/www.hapy-com.fr\/echoppe\/wp-json\/wp\/v2\/product\/27515","targetHints":{"allow":["GET"]}}],"collection":[{"href":"https:\/\/www.hapy-com.fr\/echoppe\/wp-json\/wp\/v2\/product"}],"about":[{"href":"https:\/\/www.hapy-com.fr\/echoppe\/wp-json\/wp\/v2\/types\/product"}],"wp:featuredmedia":[{"embeddable":true,"href":"https:\/\/www.hapy-com.fr\/echoppe\/wp-json\/wp\/v2\/media\/27514"}],"wp:attachment":[{"href":"https:\/\/www.hapy-com.fr\/echoppe\/wp-json\/wp\/v2\/media?parent=27515"}],"wp:term":[{"taxonomy":"product_cat","embeddable":true,"href":"https:\/\/www.hapy-com.fr\/echoppe\/wp-json\/wp\/v2\/product_cat?post=27515"},{"taxonomy":"product_tag","embeddable":true,"href":"https:\/\/www.hapy-com.fr\/echoppe\/wp-json\/wp\/v2\/product_tag?post=27515"}],"curies":[{"name":"wp","href":"https:\/\/api.w.org\/{rel}","templated":true}]}}