{"id":27526,"date":"2022-06-24T15:04:21","date_gmt":"2022-06-24T13:04:21","guid":{"rendered":"http:\/\/www.hapy-com.fr\/echoppe\/product\/bidon-antibacterien-gliter\/"},"modified":"2022-06-24T15:04:21","modified_gmt":"2022-06-24T13:04:21","slug":"bidon-antibacterien-gliter","status":"publish","type":"product","link":"https:\/\/www.hapy-com.fr\/echoppe\/product\/bidon-antibacterien-gliter\/","title":{"rendered":"Bidon Antibact\u00e9rien Gliter"},"content":{"rendered":"<p>Gourde en mat\u00e9riau antibact\u00e9rien r\u00e9sistant de PE avec finition blanche. Capacit\u00e9 de 600 ml, avec bouchon en acier inoxydable sans vis &#8211; sans BPA &#8211; et bande transporteuse confortable. Les produits avec des traitements antibact\u00e9riens sont capables de r\u00e9duire consid\u00e9rablement les charges bact\u00e9riennes pr\u00e9sentes sur les surfaces des mat\u00e9riaux, gr\u00e2ce \u00e0 l\u2019incorporation d\u2019agents microbiens permanents statiques, avec une grande efficacit\u00e9 pour inhiber et pr\u00e9venir la contamination bact\u00e9rienne. Article conforme \u00e0 l\u2019ISO 22196, qui d\u00e9termine l\u2019activit\u00e9 antibact\u00e9rienne dans les mati\u00e8res plastiques et les surfaces non poreuses, qui permet de conna\u00eetre l\u2019efficacit\u00e9 de l\u2019inhibition microbienne que les additifs ont sur les objets trait\u00e9s par une \u00e9valuation quantitative.<\/p>\n","protected":false},"excerpt":{"rendered":"<p>Gourde en mat\u00e9riau antibact\u00e9rien r\u00e9sistant de PE avec finition blanche. Capacit\u00e9 de 600 ml, avec bouchon en acier inoxydable sans vis &#8211; sans BPA &#8211; et bande transporteuse confortable. Les&#8230;<\/p>\n","protected":false},"featured_media":10914,"template":"","meta":[],"product_cat":[346],"product_tag":[],"class_list":{"0":"post-27526","1":"product","2":"type-product","3":"status-publish","4":"has-post-thumbnail","6":"product_cat-mugs","8":"first","9":"instock","10":"shipping-taxable","11":"purchasable","12":"product-type-simple"},"_links":{"self":[{"href":"https:\/\/www.hapy-com.fr\/echoppe\/wp-json\/wp\/v2\/product\/27526","targetHints":{"allow":["GET"]}}],"collection":[{"href":"https:\/\/www.hapy-com.fr\/echoppe\/wp-json\/wp\/v2\/product"}],"about":[{"href":"https:\/\/www.hapy-com.fr\/echoppe\/wp-json\/wp\/v2\/types\/product"}],"wp:featuredmedia":[{"embeddable":true,"href":"https:\/\/www.hapy-com.fr\/echoppe\/wp-json\/wp\/v2\/media\/10914"}],"wp:attachment":[{"href":"https:\/\/www.hapy-com.fr\/echoppe\/wp-json\/wp\/v2\/media?parent=27526"}],"wp:term":[{"taxonomy":"product_cat","embeddable":true,"href":"https:\/\/www.hapy-com.fr\/echoppe\/wp-json\/wp\/v2\/product_cat?post=27526"},{"taxonomy":"product_tag","embeddable":true,"href":"https:\/\/www.hapy-com.fr\/echoppe\/wp-json\/wp\/v2\/product_tag?post=27526"}],"curies":[{"name":"wp","href":"https:\/\/api.w.org\/{rel}","templated":true}]}}