{"id":27532,"date":"2022-06-24T15:04:27","date_gmt":"2022-06-24T13:04:27","guid":{"rendered":"http:\/\/www.hapy-com.fr\/echoppe\/product\/tasse-kirpal-4\/"},"modified":"2022-06-24T15:04:27","modified_gmt":"2022-06-24T13:04:27","slug":"tasse-kirpal-4","status":"publish","type":"product","link":"https:\/\/www.hapy-com.fr\/echoppe\/product\/tasse-kirpal-4\/","title":{"rendered":"Tasse Kirpal"},"content":{"rendered":"<p>Tasse en acier inoxydable de conception vintage avec la capacit\u00e9 de 380ml. Disponible dans une large gamme de couleurs, avec un int\u00e9rieur toujours en blanc et \u00e9l\u00e9gant d\u00e9tail chrom\u00e9. Pr\u00e9sent\u00e9 dans une bo\u00eete individuelle.<\/p>\n","protected":false},"excerpt":{"rendered":"<p>Tasse en acier inoxydable de conception vintage avec la capacit\u00e9 de 380ml. Disponible dans une large gamme de couleurs, avec un int\u00e9rieur toujours en blanc et \u00e9l\u00e9gant d\u00e9tail chrom\u00e9. Pr\u00e9sent\u00e9&#8230;<\/p>\n","protected":false},"featured_media":27531,"template":"","meta":[],"product_cat":[346],"product_tag":[],"class_list":{"0":"post-27532","1":"product","2":"type-product","3":"status-publish","4":"has-post-thumbnail","6":"product_cat-mugs","8":"first","9":"instock","10":"shipping-taxable","11":"purchasable","12":"product-type-simple"},"_links":{"self":[{"href":"https:\/\/www.hapy-com.fr\/echoppe\/wp-json\/wp\/v2\/product\/27532","targetHints":{"allow":["GET"]}}],"collection":[{"href":"https:\/\/www.hapy-com.fr\/echoppe\/wp-json\/wp\/v2\/product"}],"about":[{"href":"https:\/\/www.hapy-com.fr\/echoppe\/wp-json\/wp\/v2\/types\/product"}],"wp:featuredmedia":[{"embeddable":true,"href":"https:\/\/www.hapy-com.fr\/echoppe\/wp-json\/wp\/v2\/media\/27531"}],"wp:attachment":[{"href":"https:\/\/www.hapy-com.fr\/echoppe\/wp-json\/wp\/v2\/media?parent=27532"}],"wp:term":[{"taxonomy":"product_cat","embeddable":true,"href":"https:\/\/www.hapy-com.fr\/echoppe\/wp-json\/wp\/v2\/product_cat?post=27532"},{"taxonomy":"product_tag","embeddable":true,"href":"https:\/\/www.hapy-com.fr\/echoppe\/wp-json\/wp\/v2\/product_tag?post=27532"}],"curies":[{"name":"wp","href":"https:\/\/api.w.org\/{rel}","templated":true}]}}