{"id":27535,"date":"2022-06-24T15:04:30","date_gmt":"2022-06-24T13:04:30","guid":{"rendered":"http:\/\/www.hapy-com.fr\/echoppe\/product\/bidon-teltox-2\/"},"modified":"2022-06-24T15:04:30","modified_gmt":"2022-06-24T13:04:30","slug":"bidon-teltox-2","status":"publish","type":"product","link":"https:\/\/www.hapy-com.fr\/echoppe\/product\/bidon-teltox-2\/","title":{"rendered":"Bidon Teltox"},"content":{"rendered":"<p>Gourde de 540ml de ligne naturelle. Fait de corps en verre et de bouchon de vis en bambou. Il inclut le cas de silicone et vient pr\u00e9sent\u00e9 dans la bo\u00eete individuelle de conception attrayante.<\/p>\n","protected":false},"excerpt":{"rendered":"<p>Gourde de 540ml de ligne naturelle. Fait de corps en verre et de bouchon de vis en bambou. Il inclut le cas de silicone et vient pr\u00e9sent\u00e9 dans la bo\u00eete&#8230;<\/p>\n","protected":false},"featured_media":10947,"template":"","meta":[],"product_cat":[346],"product_tag":[],"class_list":{"0":"post-27535","1":"product","2":"type-product","3":"status-publish","4":"has-post-thumbnail","6":"product_cat-mugs","8":"first","9":"instock","10":"shipping-taxable","11":"purchasable","12":"product-type-simple"},"_links":{"self":[{"href":"https:\/\/www.hapy-com.fr\/echoppe\/wp-json\/wp\/v2\/product\/27535","targetHints":{"allow":["GET"]}}],"collection":[{"href":"https:\/\/www.hapy-com.fr\/echoppe\/wp-json\/wp\/v2\/product"}],"about":[{"href":"https:\/\/www.hapy-com.fr\/echoppe\/wp-json\/wp\/v2\/types\/product"}],"wp:featuredmedia":[{"embeddable":true,"href":"https:\/\/www.hapy-com.fr\/echoppe\/wp-json\/wp\/v2\/media\/10947"}],"wp:attachment":[{"href":"https:\/\/www.hapy-com.fr\/echoppe\/wp-json\/wp\/v2\/media?parent=27535"}],"wp:term":[{"taxonomy":"product_cat","embeddable":true,"href":"https:\/\/www.hapy-com.fr\/echoppe\/wp-json\/wp\/v2\/product_cat?post=27535"},{"taxonomy":"product_tag","embeddable":true,"href":"https:\/\/www.hapy-com.fr\/echoppe\/wp-json\/wp\/v2\/product_tag?post=27535"}],"curies":[{"name":"wp","href":"https:\/\/api.w.org\/{rel}","templated":true}]}}