{"id":27545,"date":"2022-06-24T15:04:42","date_gmt":"2022-06-24T13:04:42","guid":{"rendered":"http:\/\/www.hapy-com.fr\/echoppe\/product\/bidon-solarix-2\/"},"modified":"2022-06-24T15:04:42","modified_gmt":"2022-06-24T13:04:42","slug":"bidon-solarix-2","status":"publish","type":"product","link":"https:\/\/www.hapy-com.fr\/echoppe\/product\/bidon-solarix-2\/","title":{"rendered":"Bidon Solarix"},"content":{"rendered":"<p>Gourde de ligne naturelle de 600ml. Sans BPA, corps cors\u00e9 en RPET, fabriqu\u00e9 \u00e0 partir de plastique recycl\u00e9 pour promouvoir la r\u00e9utilisation des d\u00e9chets plastiques et contribuer \u00e0 la durabilit\u00e9 de la plan\u00e8te. Avec bouchon \u00e0 vis en bambou et pr\u00e9sent\u00e9 dans la bo\u00eete individuelle de design \u00e9cologique attrayant.<\/p>\n","protected":false},"excerpt":{"rendered":"<p>Gourde de ligne naturelle de 600ml. Sans BPA, corps cors\u00e9 en RPET, fabriqu\u00e9 \u00e0 partir de plastique recycl\u00e9 pour promouvoir la r\u00e9utilisation des d\u00e9chets plastiques et contribuer \u00e0 la durabilit\u00e9&#8230;<\/p>\n","protected":false},"featured_media":11002,"template":"","meta":[],"product_cat":[346],"product_tag":[],"class_list":{"0":"post-27545","1":"product","2":"type-product","3":"status-publish","4":"has-post-thumbnail","6":"product_cat-mugs","8":"first","9":"instock","10":"shipping-taxable","11":"purchasable","12":"product-type-simple"},"_links":{"self":[{"href":"https:\/\/www.hapy-com.fr\/echoppe\/wp-json\/wp\/v2\/product\/27545","targetHints":{"allow":["GET"]}}],"collection":[{"href":"https:\/\/www.hapy-com.fr\/echoppe\/wp-json\/wp\/v2\/product"}],"about":[{"href":"https:\/\/www.hapy-com.fr\/echoppe\/wp-json\/wp\/v2\/types\/product"}],"wp:featuredmedia":[{"embeddable":true,"href":"https:\/\/www.hapy-com.fr\/echoppe\/wp-json\/wp\/v2\/media\/11002"}],"wp:attachment":[{"href":"https:\/\/www.hapy-com.fr\/echoppe\/wp-json\/wp\/v2\/media?parent=27545"}],"wp:term":[{"taxonomy":"product_cat","embeddable":true,"href":"https:\/\/www.hapy-com.fr\/echoppe\/wp-json\/wp\/v2\/product_cat?post=27545"},{"taxonomy":"product_tag","embeddable":true,"href":"https:\/\/www.hapy-com.fr\/echoppe\/wp-json\/wp\/v2\/product_tag?post=27545"}],"curies":[{"name":"wp","href":"https:\/\/api.w.org\/{rel}","templated":true}]}}