{"id":27546,"date":"2022-06-24T15:04:42","date_gmt":"2022-06-24T13:04:42","guid":{"rendered":"http:\/\/www.hapy-com.fr\/echoppe\/product\/bidon-syrma-2\/"},"modified":"2022-06-24T15:04:42","modified_gmt":"2022-06-24T13:04:42","slug":"bidon-syrma-2","status":"publish","type":"product","link":"https:\/\/www.hapy-com.fr\/echoppe\/product\/bidon-syrma-2\/","title":{"rendered":"Bidon Syrma"},"content":{"rendered":"<p>Gourde de ligne naturelle de 750ml. Corps en acier inoxydable en finition blanche mat, avec bande centrale en bambou. Bouchon de s\u00e9curit\u00e9 de fil assorti et pr\u00e9sent\u00e9 dans la bo\u00eete attrayante de conception \u00e9cologique.<\/p>\n","protected":false},"excerpt":{"rendered":"<p>Gourde de ligne naturelle de 750ml. Corps en acier inoxydable en finition blanche mat, avec bande centrale en bambou. Bouchon de s\u00e9curit\u00e9 de fil assorti et pr\u00e9sent\u00e9 dans la bo\u00eete&#8230;<\/p>\n","protected":false},"featured_media":11012,"template":"","meta":[],"product_cat":[346],"product_tag":[],"class_list":{"0":"post-27546","1":"product","2":"type-product","3":"status-publish","4":"has-post-thumbnail","6":"product_cat-mugs","8":"first","9":"instock","10":"shipping-taxable","11":"purchasable","12":"product-type-simple"},"_links":{"self":[{"href":"https:\/\/www.hapy-com.fr\/echoppe\/wp-json\/wp\/v2\/product\/27546","targetHints":{"allow":["GET"]}}],"collection":[{"href":"https:\/\/www.hapy-com.fr\/echoppe\/wp-json\/wp\/v2\/product"}],"about":[{"href":"https:\/\/www.hapy-com.fr\/echoppe\/wp-json\/wp\/v2\/types\/product"}],"wp:featuredmedia":[{"embeddable":true,"href":"https:\/\/www.hapy-com.fr\/echoppe\/wp-json\/wp\/v2\/media\/11012"}],"wp:attachment":[{"href":"https:\/\/www.hapy-com.fr\/echoppe\/wp-json\/wp\/v2\/media?parent=27546"}],"wp:term":[{"taxonomy":"product_cat","embeddable":true,"href":"https:\/\/www.hapy-com.fr\/echoppe\/wp-json\/wp\/v2\/product_cat?post=27546"},{"taxonomy":"product_tag","embeddable":true,"href":"https:\/\/www.hapy-com.fr\/echoppe\/wp-json\/wp\/v2\/product_tag?post=27546"}],"curies":[{"name":"wp","href":"https:\/\/api.w.org\/{rel}","templated":true}]}}