{"id":27547,"date":"2022-06-24T15:04:43","date_gmt":"2022-06-24T13:04:43","guid":{"rendered":"http:\/\/www.hapy-com.fr\/echoppe\/product\/bidon-rekka-2\/"},"modified":"2022-06-24T15:04:43","modified_gmt":"2022-06-24T13:04:43","slug":"bidon-rekka-2","status":"publish","type":"product","link":"https:\/\/www.hapy-com.fr\/echoppe\/product\/bidon-rekka-2\/","title":{"rendered":"Bidon Rekka"},"content":{"rendered":"<p>Gourde de ligne naturelle de 750ml. Corps en acier inoxydable blanc mat, avec bande centrale en li\u00e8ge naturel. Bouchon de s\u00e9curit\u00e9 de fil assorti et pr\u00e9sent\u00e9 dans la bo\u00eete attrayante de conception \u00e9cologique.<\/p>\n","protected":false},"excerpt":{"rendered":"<p>Gourde de ligne naturelle de 750ml. Corps en acier inoxydable blanc mat, avec bande centrale en li\u00e8ge naturel. Bouchon de s\u00e9curit\u00e9 de fil assorti et pr\u00e9sent\u00e9 dans la bo\u00eete attrayante&#8230;<\/p>\n","protected":false},"featured_media":11014,"template":"","meta":[],"product_cat":[346],"product_tag":[],"class_list":{"0":"post-27547","1":"product","2":"type-product","3":"status-publish","4":"has-post-thumbnail","6":"product_cat-mugs","8":"first","9":"instock","10":"shipping-taxable","11":"purchasable","12":"product-type-simple"},"_links":{"self":[{"href":"https:\/\/www.hapy-com.fr\/echoppe\/wp-json\/wp\/v2\/product\/27547","targetHints":{"allow":["GET"]}}],"collection":[{"href":"https:\/\/www.hapy-com.fr\/echoppe\/wp-json\/wp\/v2\/product"}],"about":[{"href":"https:\/\/www.hapy-com.fr\/echoppe\/wp-json\/wp\/v2\/types\/product"}],"wp:featuredmedia":[{"embeddable":true,"href":"https:\/\/www.hapy-com.fr\/echoppe\/wp-json\/wp\/v2\/media\/11014"}],"wp:attachment":[{"href":"https:\/\/www.hapy-com.fr\/echoppe\/wp-json\/wp\/v2\/media?parent=27547"}],"wp:term":[{"taxonomy":"product_cat","embeddable":true,"href":"https:\/\/www.hapy-com.fr\/echoppe\/wp-json\/wp\/v2\/product_cat?post=27547"},{"taxonomy":"product_tag","embeddable":true,"href":"https:\/\/www.hapy-com.fr\/echoppe\/wp-json\/wp\/v2\/product_tag?post=27547"}],"curies":[{"name":"wp","href":"https:\/\/api.w.org\/{rel}","templated":true}]}}