{"id":27548,"date":"2022-06-24T15:04:43","date_gmt":"2022-06-24T13:04:43","guid":{"rendered":"http:\/\/www.hapy-com.fr\/echoppe\/product\/bidon-runtex-2\/"},"modified":"2022-06-24T15:04:43","modified_gmt":"2022-06-24T13:04:43","slug":"bidon-runtex-2","status":"publish","type":"product","link":"https:\/\/www.hapy-com.fr\/echoppe\/product\/bidon-runtex-2\/","title":{"rendered":"Bidon Runtex"},"content":{"rendered":"<p>Gourde en aluminium de 600ml en finition mate. Bouchon \u00e0 vis assorti, avec syst\u00e8me d\u2019ouverture facile et libre de BPA. Disponible dans une large gamme de couleurs mates et pr\u00e9sent\u00e9 dans une bo\u00eete de design attrayante.<\/p>\n","protected":false},"excerpt":{"rendered":"<p>Gourde en aluminium de 600ml en finition mate. Bouchon \u00e0 vis assorti, avec syst\u00e8me d\u2019ouverture facile et libre de BPA. Disponible dans une large gamme de couleurs mates et pr\u00e9sent\u00e9&#8230;<\/p>\n","protected":false},"featured_media":11016,"template":"","meta":[],"product_cat":[346],"product_tag":[],"class_list":{"0":"post-27548","1":"product","2":"type-product","3":"status-publish","4":"has-post-thumbnail","6":"product_cat-mugs","8":"first","9":"instock","10":"shipping-taxable","11":"purchasable","12":"product-type-simple"},"_links":{"self":[{"href":"https:\/\/www.hapy-com.fr\/echoppe\/wp-json\/wp\/v2\/product\/27548","targetHints":{"allow":["GET"]}}],"collection":[{"href":"https:\/\/www.hapy-com.fr\/echoppe\/wp-json\/wp\/v2\/product"}],"about":[{"href":"https:\/\/www.hapy-com.fr\/echoppe\/wp-json\/wp\/v2\/types\/product"}],"wp:featuredmedia":[{"embeddable":true,"href":"https:\/\/www.hapy-com.fr\/echoppe\/wp-json\/wp\/v2\/media\/11016"}],"wp:attachment":[{"href":"https:\/\/www.hapy-com.fr\/echoppe\/wp-json\/wp\/v2\/media?parent=27548"}],"wp:term":[{"taxonomy":"product_cat","embeddable":true,"href":"https:\/\/www.hapy-com.fr\/echoppe\/wp-json\/wp\/v2\/product_cat?post=27548"},{"taxonomy":"product_tag","embeddable":true,"href":"https:\/\/www.hapy-com.fr\/echoppe\/wp-json\/wp\/v2\/product_tag?post=27548"}],"curies":[{"name":"wp","href":"https:\/\/api.w.org\/{rel}","templated":true}]}}