{"id":27571,"date":"2022-06-24T15:05:01","date_gmt":"2022-06-24T13:05:01","guid":{"rendered":"http:\/\/www.hapy-com.fr\/echoppe\/product\/bidon-raican-7\/"},"modified":"2022-06-24T15:05:01","modified_gmt":"2022-06-24T13:05:01","slug":"bidon-raican-7","status":"publish","type":"product","link":"https:\/\/www.hapy-com.fr\/echoppe\/product\/bidon-raican-7\/","title":{"rendered":"Bidon Raican"},"content":{"rendered":"<p>Gourde de 550ml de finition brillant en aluminium. Disponible dans une large gamme de couleurs satin\u00e9es, sans BPA. Pr\u00e9sent\u00e9 dans la bo\u00eete attrayante de conception.<\/p>\n","protected":false},"excerpt":{"rendered":"<p>Gourde de 550ml de finition brillant en aluminium. Disponible dans une large gamme de couleurs satin\u00e9es, sans BPA. Pr\u00e9sent\u00e9 dans la bo\u00eete attrayante de conception.<\/p>\n","protected":false},"featured_media":27570,"template":"","meta":[],"product_cat":[346],"product_tag":[],"class_list":{"0":"post-27571","1":"product","2":"type-product","3":"status-publish","4":"has-post-thumbnail","6":"product_cat-mugs","8":"first","9":"instock","10":"shipping-taxable","11":"purchasable","12":"product-type-simple"},"_links":{"self":[{"href":"https:\/\/www.hapy-com.fr\/echoppe\/wp-json\/wp\/v2\/product\/27571","targetHints":{"allow":["GET"]}}],"collection":[{"href":"https:\/\/www.hapy-com.fr\/echoppe\/wp-json\/wp\/v2\/product"}],"about":[{"href":"https:\/\/www.hapy-com.fr\/echoppe\/wp-json\/wp\/v2\/types\/product"}],"wp:featuredmedia":[{"embeddable":true,"href":"https:\/\/www.hapy-com.fr\/echoppe\/wp-json\/wp\/v2\/media\/27570"}],"wp:attachment":[{"href":"https:\/\/www.hapy-com.fr\/echoppe\/wp-json\/wp\/v2\/media?parent=27571"}],"wp:term":[{"taxonomy":"product_cat","embeddable":true,"href":"https:\/\/www.hapy-com.fr\/echoppe\/wp-json\/wp\/v2\/product_cat?post=27571"},{"taxonomy":"product_tag","embeddable":true,"href":"https:\/\/www.hapy-com.fr\/echoppe\/wp-json\/wp\/v2\/product_tag?post=27571"}],"curies":[{"name":"wp","href":"https:\/\/api.w.org\/{rel}","templated":true}]}}