{"id":27579,"date":"2022-06-24T15:05:06","date_gmt":"2022-06-24T13:05:06","guid":{"rendered":"http:\/\/www.hapy-com.fr\/echoppe\/product\/bidon-sports-3\/"},"modified":"2022-06-24T15:05:06","modified_gmt":"2022-06-24T13:05:06","slug":"bidon-sports-3","status":"publish","type":"product","link":"https:\/\/www.hapy-com.fr\/echoppe\/product\/bidon-sports-3\/","title":{"rendered":"Bidon Sports"},"content":{"rendered":"<p>Gourde de 550ml en PE avec bouchon \u00e0 vis, doseur de s\u00e9curit\u00e9 et couvercle transparent. Couleurs vives et vari\u00e9es.<\/p>\n","protected":false},"excerpt":{"rendered":"<p>Gourde de 550ml en PE avec bouchon \u00e0 vis, doseur de s\u00e9curit\u00e9 et couvercle transparent. Couleurs vives et vari\u00e9es.<\/p>\n","protected":false},"featured_media":27578,"template":"","meta":[],"product_cat":[346],"product_tag":[],"class_list":{"0":"post-27579","1":"product","2":"type-product","3":"status-publish","4":"has-post-thumbnail","6":"product_cat-mugs","8":"first","9":"instock","10":"shipping-taxable","11":"purchasable","12":"product-type-simple"},"_links":{"self":[{"href":"https:\/\/www.hapy-com.fr\/echoppe\/wp-json\/wp\/v2\/product\/27579","targetHints":{"allow":["GET"]}}],"collection":[{"href":"https:\/\/www.hapy-com.fr\/echoppe\/wp-json\/wp\/v2\/product"}],"about":[{"href":"https:\/\/www.hapy-com.fr\/echoppe\/wp-json\/wp\/v2\/types\/product"}],"wp:featuredmedia":[{"embeddable":true,"href":"https:\/\/www.hapy-com.fr\/echoppe\/wp-json\/wp\/v2\/media\/27578"}],"wp:attachment":[{"href":"https:\/\/www.hapy-com.fr\/echoppe\/wp-json\/wp\/v2\/media?parent=27579"}],"wp:term":[{"taxonomy":"product_cat","embeddable":true,"href":"https:\/\/www.hapy-com.fr\/echoppe\/wp-json\/wp\/v2\/product_cat?post=27579"},{"taxonomy":"product_tag","embeddable":true,"href":"https:\/\/www.hapy-com.fr\/echoppe\/wp-json\/wp\/v2\/product_tag?post=27579"}],"curies":[{"name":"wp","href":"https:\/\/api.w.org\/{rel}","templated":true}]}}