{"id":27592,"date":"2022-06-24T15:05:15","date_gmt":"2022-06-24T13:05:15","guid":{"rendered":"http:\/\/www.hapy-com.fr\/echoppe\/product\/tasse-loom-2\/"},"modified":"2022-06-24T15:05:15","modified_gmt":"2022-06-24T13:05:15","slug":"tasse-loom-2","status":"publish","type":"product","link":"https:\/\/www.hapy-com.fr\/echoppe\/product\/tasse-loom-2\/","title":{"rendered":"Tasse Loom"},"content":{"rendered":"<p>Mug en c\u00e9ramique de 370 ml avec un contraste original de couleurs: blanc pour l\u00b4ext\u00e9rieur et couleurs vives et vari\u00e9es pour l\u00b4int\u00e9rieur. Pr\u00e9sent\u00e9 dans une bo\u00eete individuelle.<\/p>\n","protected":false},"excerpt":{"rendered":"<p>Mug en c\u00e9ramique de 370 ml avec un contraste original de couleurs: blanc pour l\u00b4ext\u00e9rieur et couleurs vives et vari\u00e9es pour l\u00b4int\u00e9rieur. Pr\u00e9sent\u00e9 dans une bo\u00eete individuelle.<\/p>\n","protected":false},"featured_media":11047,"template":"","meta":[],"product_cat":[346],"product_tag":[],"class_list":{"0":"post-27592","1":"product","2":"type-product","3":"status-publish","4":"has-post-thumbnail","6":"product_cat-mugs","8":"first","9":"instock","10":"shipping-taxable","11":"purchasable","12":"product-type-simple"},"_links":{"self":[{"href":"https:\/\/www.hapy-com.fr\/echoppe\/wp-json\/wp\/v2\/product\/27592","targetHints":{"allow":["GET"]}}],"collection":[{"href":"https:\/\/www.hapy-com.fr\/echoppe\/wp-json\/wp\/v2\/product"}],"about":[{"href":"https:\/\/www.hapy-com.fr\/echoppe\/wp-json\/wp\/v2\/types\/product"}],"wp:featuredmedia":[{"embeddable":true,"href":"https:\/\/www.hapy-com.fr\/echoppe\/wp-json\/wp\/v2\/media\/11047"}],"wp:attachment":[{"href":"https:\/\/www.hapy-com.fr\/echoppe\/wp-json\/wp\/v2\/media?parent=27592"}],"wp:term":[{"taxonomy":"product_cat","embeddable":true,"href":"https:\/\/www.hapy-com.fr\/echoppe\/wp-json\/wp\/v2\/product_cat?post=27592"},{"taxonomy":"product_tag","embeddable":true,"href":"https:\/\/www.hapy-com.fr\/echoppe\/wp-json\/wp\/v2\/product_tag?post=27592"}],"curies":[{"name":"wp","href":"https:\/\/api.w.org\/{rel}","templated":true}]}}