{"id":27615,"date":"2022-06-24T15:05:31","date_gmt":"2022-06-24T13:05:31","guid":{"rendered":"http:\/\/www.hapy-com.fr\/echoppe\/product\/gamelle-sandwich-noix-5\/"},"modified":"2022-06-24T15:05:31","modified_gmt":"2022-06-24T13:05:31","slug":"gamelle-sandwich-noix-5","status":"publish","type":"product","link":"https:\/\/www.hapy-com.fr\/echoppe\/product\/gamelle-sandwich-noix-5\/","title":{"rendered":"Gamelle Sandwich Noix"},"content":{"rendered":"<p>Lunchbox d\u00b4une contenance de 450ml. Disponible dans une gamme vari\u00e9e de couleurs vives. Avec fermeture de s\u00e9curit\u00e9.<\/p>\n","protected":false},"excerpt":{"rendered":"<p>Lunchbox d\u00b4une contenance de 450ml. Disponible dans une gamme vari\u00e9e de couleurs vives. Avec fermeture de s\u00e9curit\u00e9.<\/p>\n","protected":false},"featured_media":27614,"template":"","meta":[],"product_cat":[345],"product_tag":[],"class_list":{"0":"post-27615","1":"product","2":"type-product","3":"status-publish","4":"has-post-thumbnail","6":"product_cat-accessoires","8":"first","9":"instock","10":"shipping-taxable","11":"purchasable","12":"product-type-simple"},"_links":{"self":[{"href":"https:\/\/www.hapy-com.fr\/echoppe\/wp-json\/wp\/v2\/product\/27615","targetHints":{"allow":["GET"]}}],"collection":[{"href":"https:\/\/www.hapy-com.fr\/echoppe\/wp-json\/wp\/v2\/product"}],"about":[{"href":"https:\/\/www.hapy-com.fr\/echoppe\/wp-json\/wp\/v2\/types\/product"}],"wp:featuredmedia":[{"embeddable":true,"href":"https:\/\/www.hapy-com.fr\/echoppe\/wp-json\/wp\/v2\/media\/27614"}],"wp:attachment":[{"href":"https:\/\/www.hapy-com.fr\/echoppe\/wp-json\/wp\/v2\/media?parent=27615"}],"wp:term":[{"taxonomy":"product_cat","embeddable":true,"href":"https:\/\/www.hapy-com.fr\/echoppe\/wp-json\/wp\/v2\/product_cat?post=27615"},{"taxonomy":"product_tag","embeddable":true,"href":"https:\/\/www.hapy-com.fr\/echoppe\/wp-json\/wp\/v2\/product_tag?post=27615"}],"curies":[{"name":"wp","href":"https:\/\/api.w.org\/{rel}","templated":true}]}}