{"id":27623,"date":"2022-06-24T15:05:37","date_gmt":"2022-06-24T13:05:37","guid":{"rendered":"http:\/\/www.hapy-com.fr\/echoppe\/product\/glaciere-coolcan-4\/"},"modified":"2022-06-24T15:05:37","modified_gmt":"2022-06-24T13:05:37","slug":"glaciere-coolcan-4","status":"publish","type":"product","link":"https:\/\/www.hapy-com.fr\/echoppe\/product\/glaciere-coolcan-4\/","title":{"rendered":"Glaci\u00e8re Coolcan"},"content":{"rendered":"<p>Sac isotherme pour 6 canettes en PVC r\u00e9sistant, couleurs vives. Int\u00e9rieur isotherme finition aluminium. Fermeture zipp\u00e9e et anse de transport blanche assorties.<\/p>\n","protected":false},"excerpt":{"rendered":"<p>Sac isotherme pour 6 canettes en PVC r\u00e9sistant, couleurs vives. Int\u00e9rieur isotherme finition aluminium. Fermeture zipp\u00e9e et anse de transport blanche assorties.<\/p>\n","protected":false},"featured_media":27622,"template":"","meta":[],"product_cat":[345],"product_tag":[],"class_list":{"0":"post-27623","1":"product","2":"type-product","3":"status-publish","4":"has-post-thumbnail","6":"product_cat-accessoires","8":"first","9":"instock","10":"shipping-taxable","11":"purchasable","12":"product-type-simple"},"_links":{"self":[{"href":"https:\/\/www.hapy-com.fr\/echoppe\/wp-json\/wp\/v2\/product\/27623","targetHints":{"allow":["GET"]}}],"collection":[{"href":"https:\/\/www.hapy-com.fr\/echoppe\/wp-json\/wp\/v2\/product"}],"about":[{"href":"https:\/\/www.hapy-com.fr\/echoppe\/wp-json\/wp\/v2\/types\/product"}],"wp:featuredmedia":[{"embeddable":true,"href":"https:\/\/www.hapy-com.fr\/echoppe\/wp-json\/wp\/v2\/media\/27622"}],"wp:attachment":[{"href":"https:\/\/www.hapy-com.fr\/echoppe\/wp-json\/wp\/v2\/media?parent=27623"}],"wp:term":[{"taxonomy":"product_cat","embeddable":true,"href":"https:\/\/www.hapy-com.fr\/echoppe\/wp-json\/wp\/v2\/product_cat?post=27623"},{"taxonomy":"product_tag","embeddable":true,"href":"https:\/\/www.hapy-com.fr\/echoppe\/wp-json\/wp\/v2\/product_tag?post=27623"}],"curies":[{"name":"wp","href":"https:\/\/api.w.org\/{rel}","templated":true}]}}