{"id":27636,"date":"2022-06-24T15:06:07","date_gmt":"2022-06-24T13:06:07","guid":{"rendered":"http:\/\/www.hapy-com.fr\/echoppe\/product\/glaciere-buck-3\/"},"modified":"2022-06-24T15:06:07","modified_gmt":"2022-06-24T13:06:07","slug":"glaciere-buck-3","status":"publish","type":"product","link":"https:\/\/www.hapy-com.fr\/echoppe\/product\/glaciere-buck-3\/","title":{"rendered":"Glaci\u00e8re Buck"},"content":{"rendered":"<p>Glaci\u00e8re de grande taille, r\u00e9sistante en PVC, de couleurs vives. Int\u00e9rieur isotherme avec finition aluminium. Avec fermeture \u00e9clair de la m\u00eame couleur que la anse.<\/p>\n","protected":false},"excerpt":{"rendered":"<p>Glaci\u00e8re de grande taille, r\u00e9sistante en PVC, de couleurs vives. Int\u00e9rieur isotherme avec finition aluminium. Avec fermeture \u00e9clair de la m\u00eame couleur que la anse.<\/p>\n","protected":false},"featured_media":27635,"template":"","meta":[],"product_cat":[345],"product_tag":[],"class_list":{"0":"post-27636","1":"product","2":"type-product","3":"status-publish","4":"has-post-thumbnail","6":"product_cat-accessoires","8":"first","9":"instock","10":"shipping-taxable","11":"purchasable","12":"product-type-simple"},"_links":{"self":[{"href":"https:\/\/www.hapy-com.fr\/echoppe\/wp-json\/wp\/v2\/product\/27636","targetHints":{"allow":["GET"]}}],"collection":[{"href":"https:\/\/www.hapy-com.fr\/echoppe\/wp-json\/wp\/v2\/product"}],"about":[{"href":"https:\/\/www.hapy-com.fr\/echoppe\/wp-json\/wp\/v2\/types\/product"}],"wp:featuredmedia":[{"embeddable":true,"href":"https:\/\/www.hapy-com.fr\/echoppe\/wp-json\/wp\/v2\/media\/27635"}],"wp:attachment":[{"href":"https:\/\/www.hapy-com.fr\/echoppe\/wp-json\/wp\/v2\/media?parent=27636"}],"wp:term":[{"taxonomy":"product_cat","embeddable":true,"href":"https:\/\/www.hapy-com.fr\/echoppe\/wp-json\/wp\/v2\/product_cat?post=27636"},{"taxonomy":"product_tag","embeddable":true,"href":"https:\/\/www.hapy-com.fr\/echoppe\/wp-json\/wp\/v2\/product_tag?post=27636"}],"curies":[{"name":"wp","href":"https:\/\/api.w.org\/{rel}","templated":true}]}}