{"id":27638,"date":"2022-06-24T15:06:07","date_gmt":"2022-06-24T13:06:07","guid":{"rendered":"http:\/\/www.hapy-com.fr\/echoppe\/product\/glaciere-kranch-2\/"},"modified":"2022-06-24T15:06:07","modified_gmt":"2022-06-24T13:06:07","slug":"glaciere-kranch-2","status":"publish","type":"product","link":"https:\/\/www.hapy-com.fr\/echoppe\/product\/glaciere-kranch-2\/","title":{"rendered":"Glaci\u00e8re Kranch"},"content":{"rendered":"<p>Sac isotherme tout-terrain en polyester 600D r\u00e9sistant propos\u00e9 en coloris vifs. Comprend deux compartiments ind\u00e9pendants \u00e0 fermeture zipp\u00e9e.  Avec poign\u00e9e d\u00e9coup\u00e9e et bo\u00eete \u00e0 lunch int\u00e9rieure herm\u00e9tique d\u00b4une capacit\u00e9 de 1,5 litre. Int\u00e9rieur isotherme en finition PVC.<\/p>\n","protected":false},"excerpt":{"rendered":"<p>Sac isotherme tout-terrain en polyester 600D r\u00e9sistant propos\u00e9 en coloris vifs. Comprend deux compartiments ind\u00e9pendants \u00e0 fermeture zipp\u00e9e. Avec poign\u00e9e d\u00e9coup\u00e9e et bo\u00eete \u00e0 lunch int\u00e9rieure herm\u00e9tique d\u00b4une capacit\u00e9 de&#8230;<\/p>\n","protected":false},"featured_media":11097,"template":"","meta":[],"product_cat":[345],"product_tag":[],"class_list":{"0":"post-27638","1":"product","2":"type-product","3":"status-publish","4":"has-post-thumbnail","6":"product_cat-accessoires","8":"first","9":"instock","10":"shipping-taxable","11":"purchasable","12":"product-type-simple"},"_links":{"self":[{"href":"https:\/\/www.hapy-com.fr\/echoppe\/wp-json\/wp\/v2\/product\/27638","targetHints":{"allow":["GET"]}}],"collection":[{"href":"https:\/\/www.hapy-com.fr\/echoppe\/wp-json\/wp\/v2\/product"}],"about":[{"href":"https:\/\/www.hapy-com.fr\/echoppe\/wp-json\/wp\/v2\/types\/product"}],"wp:featuredmedia":[{"embeddable":true,"href":"https:\/\/www.hapy-com.fr\/echoppe\/wp-json\/wp\/v2\/media\/11097"}],"wp:attachment":[{"href":"https:\/\/www.hapy-com.fr\/echoppe\/wp-json\/wp\/v2\/media?parent=27638"}],"wp:term":[{"taxonomy":"product_cat","embeddable":true,"href":"https:\/\/www.hapy-com.fr\/echoppe\/wp-json\/wp\/v2\/product_cat?post=27638"},{"taxonomy":"product_tag","embeddable":true,"href":"https:\/\/www.hapy-com.fr\/echoppe\/wp-json\/wp\/v2\/product_tag?post=27638"}],"curies":[{"name":"wp","href":"https:\/\/api.w.org\/{rel}","templated":true}]}}