{"id":27641,"date":"2022-06-24T15:06:09","date_gmt":"2022-06-24T13:06:09","guid":{"rendered":"http:\/\/www.hapy-com.fr\/echoppe\/product\/gamelle-griva-2\/"},"modified":"2022-06-24T15:06:09","modified_gmt":"2022-06-24T13:06:09","slug":"gamelle-griva-2","status":"publish","type":"product","link":"https:\/\/www.hapy-com.fr\/echoppe\/product\/gamelle-griva-2\/","title":{"rendered":"Gamelle Griva"},"content":{"rendered":"<p>Boite repas de 1000ml en PP. Corps translucide, 2 compartiments int\u00e9rieurs et un couvercle porte couverts-Fourchette et couteau inclus- Gamme de couleurs vari\u00e9es. Adapt\u00e9 pour micro ondes, lave vaisselle et cong\u00e9lateur.<\/p>\n","protected":false},"excerpt":{"rendered":"<p>Boite repas de 1000ml en PP. Corps translucide, 2 compartiments int\u00e9rieurs et un couvercle porte couverts-Fourchette et couteau inclus- Gamme de couleurs vari\u00e9es. Adapt\u00e9 pour micro ondes, lave vaisselle et&#8230;<\/p>\n","protected":false},"featured_media":11098,"template":"","meta":[],"product_cat":[345],"product_tag":[],"class_list":{"0":"post-27641","1":"product","2":"type-product","3":"status-publish","4":"has-post-thumbnail","6":"product_cat-accessoires","8":"first","9":"instock","10":"shipping-taxable","11":"purchasable","12":"product-type-simple"},"_links":{"self":[{"href":"https:\/\/www.hapy-com.fr\/echoppe\/wp-json\/wp\/v2\/product\/27641","targetHints":{"allow":["GET"]}}],"collection":[{"href":"https:\/\/www.hapy-com.fr\/echoppe\/wp-json\/wp\/v2\/product"}],"about":[{"href":"https:\/\/www.hapy-com.fr\/echoppe\/wp-json\/wp\/v2\/types\/product"}],"wp:featuredmedia":[{"embeddable":true,"href":"https:\/\/www.hapy-com.fr\/echoppe\/wp-json\/wp\/v2\/media\/11098"}],"wp:attachment":[{"href":"https:\/\/www.hapy-com.fr\/echoppe\/wp-json\/wp\/v2\/media?parent=27641"}],"wp:term":[{"taxonomy":"product_cat","embeddable":true,"href":"https:\/\/www.hapy-com.fr\/echoppe\/wp-json\/wp\/v2\/product_cat?post=27641"},{"taxonomy":"product_tag","embeddable":true,"href":"https:\/\/www.hapy-com.fr\/echoppe\/wp-json\/wp\/v2\/product_tag?post=27641"}],"curies":[{"name":"wp","href":"https:\/\/api.w.org\/{rel}","templated":true}]}}