{"id":27666,"date":"2022-06-24T15:06:26","date_gmt":"2022-06-24T13:06:26","guid":{"rendered":"http:\/\/www.hapy-com.fr\/echoppe\/product\/boite-salade-dinder-3\/"},"modified":"2022-06-24T15:06:26","modified_gmt":"2022-06-24T13:06:26","slug":"boite-salade-dinder-3","status":"publish","type":"product","link":"https:\/\/www.hapy-com.fr\/echoppe\/product\/boite-salade-dinder-3\/","title":{"rendered":"Bo\u00eete Salade Dinder"},"content":{"rendered":"<p>Boite \u00e0 salade de 750 ml en PP. Corps translucide avec encoche pour la fourchette. Propos\u00e9e en coloris vari\u00e9s. Bouchon de s\u00e9curit\u00e9 avec petit bocal int\u00e9gr\u00e9 pour assaisonnement. Adapt\u00e9e pour micro ondes, lave vaisselle et cong\u00e9lateur.<\/p>\n","protected":false},"excerpt":{"rendered":"<p>Boite \u00e0 salade de 750 ml en PP. Corps translucide avec encoche pour la fourchette. Propos\u00e9e en coloris vari\u00e9s. Bouchon de s\u00e9curit\u00e9 avec petit bocal int\u00e9gr\u00e9 pour assaisonnement. Adapt\u00e9e pour&#8230;<\/p>\n","protected":false},"featured_media":11112,"template":"","meta":[],"product_cat":[345],"product_tag":[],"class_list":{"0":"post-27666","1":"product","2":"type-product","3":"status-publish","4":"has-post-thumbnail","6":"product_cat-accessoires","8":"first","9":"instock","10":"shipping-taxable","11":"purchasable","12":"product-type-simple"},"_links":{"self":[{"href":"https:\/\/www.hapy-com.fr\/echoppe\/wp-json\/wp\/v2\/product\/27666","targetHints":{"allow":["GET"]}}],"collection":[{"href":"https:\/\/www.hapy-com.fr\/echoppe\/wp-json\/wp\/v2\/product"}],"about":[{"href":"https:\/\/www.hapy-com.fr\/echoppe\/wp-json\/wp\/v2\/types\/product"}],"wp:featuredmedia":[{"embeddable":true,"href":"https:\/\/www.hapy-com.fr\/echoppe\/wp-json\/wp\/v2\/media\/11112"}],"wp:attachment":[{"href":"https:\/\/www.hapy-com.fr\/echoppe\/wp-json\/wp\/v2\/media?parent=27666"}],"wp:term":[{"taxonomy":"product_cat","embeddable":true,"href":"https:\/\/www.hapy-com.fr\/echoppe\/wp-json\/wp\/v2\/product_cat?post=27666"},{"taxonomy":"product_tag","embeddable":true,"href":"https:\/\/www.hapy-com.fr\/echoppe\/wp-json\/wp\/v2\/product_tag?post=27666"}],"curies":[{"name":"wp","href":"https:\/\/api.w.org\/{rel}","templated":true}]}}