{"id":27677,"date":"2022-06-24T15:06:33","date_gmt":"2022-06-24T13:06:33","guid":{"rendered":"http:\/\/www.hapy-com.fr\/echoppe\/product\/glaciere-bemel\/"},"modified":"2022-06-24T15:06:33","modified_gmt":"2022-06-24T13:06:33","slug":"glaciere-bemel","status":"publish","type":"product","link":"https:\/\/www.hapy-com.fr\/echoppe\/product\/glaciere-bemel\/","title":{"rendered":"Glaci\u00e8re Bemel"},"content":{"rendered":"<p>Sac isotherme tout terrain en polyester r\u00e9sistant 600D propos\u00e9 en coloris vifs. Avec 2 compartiments sur le devant dont une avec fermeture par velcro. Poche a filet \u00e9lastique au dos. Int\u00e9rieur isotherme en finition aluminium. Bandouli\u00e8re extensible avec fermeture par mousqueton et renfort matelass\u00e9 assorti.<\/p>\n","protected":false},"excerpt":{"rendered":"<p>Sac isotherme tout terrain en polyester r\u00e9sistant 600D propos\u00e9 en coloris vifs. Avec 2 compartiments sur le devant dont une avec fermeture par velcro. Poche a filet \u00e9lastique au dos&#8230;.<\/p>\n","protected":false},"featured_media":11115,"template":"","meta":[],"product_cat":[345],"product_tag":[],"class_list":{"0":"post-27677","1":"product","2":"type-product","3":"status-publish","4":"has-post-thumbnail","6":"product_cat-accessoires","8":"first","9":"instock","10":"shipping-taxable","11":"purchasable","12":"product-type-simple"},"_links":{"self":[{"href":"https:\/\/www.hapy-com.fr\/echoppe\/wp-json\/wp\/v2\/product\/27677","targetHints":{"allow":["GET"]}}],"collection":[{"href":"https:\/\/www.hapy-com.fr\/echoppe\/wp-json\/wp\/v2\/product"}],"about":[{"href":"https:\/\/www.hapy-com.fr\/echoppe\/wp-json\/wp\/v2\/types\/product"}],"wp:featuredmedia":[{"embeddable":true,"href":"https:\/\/www.hapy-com.fr\/echoppe\/wp-json\/wp\/v2\/media\/11115"}],"wp:attachment":[{"href":"https:\/\/www.hapy-com.fr\/echoppe\/wp-json\/wp\/v2\/media?parent=27677"}],"wp:term":[{"taxonomy":"product_cat","embeddable":true,"href":"https:\/\/www.hapy-com.fr\/echoppe\/wp-json\/wp\/v2\/product_cat?post=27677"},{"taxonomy":"product_tag","embeddable":true,"href":"https:\/\/www.hapy-com.fr\/echoppe\/wp-json\/wp\/v2\/product_tag?post=27677"}],"curies":[{"name":"wp","href":"https:\/\/api.w.org\/{rel}","templated":true}]}}