{"id":27687,"date":"2022-06-24T15:06:39","date_gmt":"2022-06-24T13:06:39","guid":{"rendered":"http:\/\/www.hapy-com.fr\/echoppe\/product\/glaciere-klab-4\/"},"modified":"2022-06-24T15:06:39","modified_gmt":"2022-06-24T13:06:39","slug":"glaciere-klab-4","status":"publish","type":"product","link":"https:\/\/www.hapy-com.fr\/echoppe\/product\/glaciere-klab-4\/","title":{"rendered":"Glaci\u00e8re Klab"},"content":{"rendered":"<p>Sac glaci\u00e8re en polyester r\u00e9sistant en 600D avec une fermeture \u00e9clair et ouverture totale. Avec anses en nylon, et renforc\u00e9 avec un fermeture bouton pression dans les angles. Int\u00e9rieur isotherme finition en aluminium.<\/p>\n","protected":false},"excerpt":{"rendered":"<p>Sac glaci\u00e8re en polyester r\u00e9sistant en 600D avec une fermeture \u00e9clair et ouverture totale. Avec anses en nylon, et renforc\u00e9 avec un fermeture bouton pression dans les angles. Int\u00e9rieur isotherme&#8230;<\/p>\n","protected":false},"featured_media":27686,"template":"","meta":[],"product_cat":[345],"product_tag":[],"class_list":{"0":"post-27687","1":"product","2":"type-product","3":"status-publish","4":"has-post-thumbnail","6":"product_cat-accessoires","8":"first","9":"instock","10":"shipping-taxable","11":"purchasable","12":"product-type-simple"},"_links":{"self":[{"href":"https:\/\/www.hapy-com.fr\/echoppe\/wp-json\/wp\/v2\/product\/27687","targetHints":{"allow":["GET"]}}],"collection":[{"href":"https:\/\/www.hapy-com.fr\/echoppe\/wp-json\/wp\/v2\/product"}],"about":[{"href":"https:\/\/www.hapy-com.fr\/echoppe\/wp-json\/wp\/v2\/types\/product"}],"wp:featuredmedia":[{"embeddable":true,"href":"https:\/\/www.hapy-com.fr\/echoppe\/wp-json\/wp\/v2\/media\/27686"}],"wp:attachment":[{"href":"https:\/\/www.hapy-com.fr\/echoppe\/wp-json\/wp\/v2\/media?parent=27687"}],"wp:term":[{"taxonomy":"product_cat","embeddable":true,"href":"https:\/\/www.hapy-com.fr\/echoppe\/wp-json\/wp\/v2\/product_cat?post=27687"},{"taxonomy":"product_tag","embeddable":true,"href":"https:\/\/www.hapy-com.fr\/echoppe\/wp-json\/wp\/v2\/product_tag?post=27687"}],"curies":[{"name":"wp","href":"https:\/\/api.w.org\/{rel}","templated":true}]}}