{"id":27700,"date":"2022-06-24T15:06:52","date_gmt":"2022-06-24T13:06:52","guid":{"rendered":"http:\/\/www.hapy-com.fr\/echoppe\/product\/glaciere-hobart-7\/"},"modified":"2022-06-24T15:06:52","modified_gmt":"2022-06-24T13:06:52","slug":"glaciere-hobart-7","status":"publish","type":"product","link":"https:\/\/www.hapy-com.fr\/echoppe\/product\/glaciere-hobart-7\/","title":{"rendered":"Glaci\u00e8re Hobart"},"content":{"rendered":"<p>Sac isotherme en intiss\u00e9 r\u00e9sistant avec finition lamin\u00e9e brillante et fermeture velcro. Poign\u00e9es de transport pratiques en nylon assorti et int\u00e9rieur isotherme en aluminium. R\u00e9sistance jusqu\u00b4\u00e0 7 kg .<\/p>\n","protected":false},"excerpt":{"rendered":"<p>Sac isotherme en intiss\u00e9 r\u00e9sistant avec finition lamin\u00e9e brillante et fermeture velcro. Poign\u00e9es de transport pratiques en nylon assorti et int\u00e9rieur isotherme en aluminium. R\u00e9sistance jusqu\u00b4\u00e0 7 kg .<\/p>\n","protected":false},"featured_media":27699,"template":"","meta":[],"product_cat":[345],"product_tag":[],"class_list":{"0":"post-27700","1":"product","2":"type-product","3":"status-publish","4":"has-post-thumbnail","6":"product_cat-accessoires","8":"first","9":"instock","10":"shipping-taxable","11":"purchasable","12":"product-type-simple"},"_links":{"self":[{"href":"https:\/\/www.hapy-com.fr\/echoppe\/wp-json\/wp\/v2\/product\/27700","targetHints":{"allow":["GET"]}}],"collection":[{"href":"https:\/\/www.hapy-com.fr\/echoppe\/wp-json\/wp\/v2\/product"}],"about":[{"href":"https:\/\/www.hapy-com.fr\/echoppe\/wp-json\/wp\/v2\/types\/product"}],"wp:featuredmedia":[{"embeddable":true,"href":"https:\/\/www.hapy-com.fr\/echoppe\/wp-json\/wp\/v2\/media\/27699"}],"wp:attachment":[{"href":"https:\/\/www.hapy-com.fr\/echoppe\/wp-json\/wp\/v2\/media?parent=27700"}],"wp:term":[{"taxonomy":"product_cat","embeddable":true,"href":"https:\/\/www.hapy-com.fr\/echoppe\/wp-json\/wp\/v2\/product_cat?post=27700"},{"taxonomy":"product_tag","embeddable":true,"href":"https:\/\/www.hapy-com.fr\/echoppe\/wp-json\/wp\/v2\/product_tag?post=27700"}],"curies":[{"name":"wp","href":"https:\/\/api.w.org\/{rel}","templated":true}]}}