{"id":27724,"date":"2022-06-24T15:07:09","date_gmt":"2022-06-24T13:07:09","guid":{"rendered":"http:\/\/www.hapy-com.fr\/echoppe\/product\/glaciere-lans-2\/"},"modified":"2022-06-24T15:07:09","modified_gmt":"2022-06-24T13:07:09","slug":"glaciere-lans-2","status":"publish","type":"product","link":"https:\/\/www.hapy-com.fr\/echoppe\/product\/glaciere-lans-2\/","title":{"rendered":"Glaci\u00e8re Lans"},"content":{"rendered":"<p>Sac isotherme tout-terrain en intiss\u00e9 aux couleurs vives, avec fermeture zipp\u00e9e et poche frontale. Int\u00e9rieur isotherme en finition aluminium. Avec poign\u00e9e de transport pratique assortie.<\/p>\n","protected":false},"excerpt":{"rendered":"<p>Sac isotherme tout-terrain en intiss\u00e9 aux couleurs vives, avec fermeture zipp\u00e9e et poche frontale. Int\u00e9rieur isotherme en finition aluminium. Avec poign\u00e9e de transport pratique assortie.<\/p>\n","protected":false},"featured_media":11132,"template":"","meta":[],"product_cat":[345],"product_tag":[],"class_list":{"0":"post-27724","1":"product","2":"type-product","3":"status-publish","4":"has-post-thumbnail","6":"product_cat-accessoires","8":"first","9":"instock","10":"shipping-taxable","11":"purchasable","12":"product-type-simple"},"_links":{"self":[{"href":"https:\/\/www.hapy-com.fr\/echoppe\/wp-json\/wp\/v2\/product\/27724","targetHints":{"allow":["GET"]}}],"collection":[{"href":"https:\/\/www.hapy-com.fr\/echoppe\/wp-json\/wp\/v2\/product"}],"about":[{"href":"https:\/\/www.hapy-com.fr\/echoppe\/wp-json\/wp\/v2\/types\/product"}],"wp:featuredmedia":[{"embeddable":true,"href":"https:\/\/www.hapy-com.fr\/echoppe\/wp-json\/wp\/v2\/media\/11132"}],"wp:attachment":[{"href":"https:\/\/www.hapy-com.fr\/echoppe\/wp-json\/wp\/v2\/media?parent=27724"}],"wp:term":[{"taxonomy":"product_cat","embeddable":true,"href":"https:\/\/www.hapy-com.fr\/echoppe\/wp-json\/wp\/v2\/product_cat?post=27724"},{"taxonomy":"product_tag","embeddable":true,"href":"https:\/\/www.hapy-com.fr\/echoppe\/wp-json\/wp\/v2\/product_tag?post=27724"}],"curies":[{"name":"wp","href":"https:\/\/api.w.org\/{rel}","templated":true}]}}