{"id":27739,"date":"2022-06-24T15:07:22","date_gmt":"2022-06-24T13:07:22","guid":{"rendered":"http:\/\/www.hapy-com.fr\/echoppe\/product\/sac-a-dos-glaciere-nipex-5\/"},"modified":"2022-06-24T15:07:22","modified_gmt":"2022-06-24T13:07:22","slug":"sac-a-dos-glaciere-nipex-5","status":"publish","type":"product","link":"https:\/\/www.hapy-com.fr\/echoppe\/product\/sac-a-dos-glaciere-nipex-5\/","title":{"rendered":"Sac \u00e0 Dos Glaci\u00e8re Nipex"},"content":{"rendered":"<p>Sac \u00e0 dos isotherme \u00e0 cordelettes en polyester doux 210D.  Gamme vari\u00e9e de coloris gais. Avec cordons noirs de serrage et coins renforc\u00e9s. Int\u00e9rieur isotherme finition aluminium.<\/p>\n","protected":false},"excerpt":{"rendered":"<p>Sac \u00e0 dos isotherme \u00e0 cordelettes en polyester doux 210D. Gamme vari\u00e9e de coloris gais. Avec cordons noirs de serrage et coins renforc\u00e9s. Int\u00e9rieur isotherme finition aluminium.<\/p>\n","protected":false},"featured_media":27738,"template":"","meta":[],"product_cat":[345],"product_tag":[],"class_list":{"0":"post-27739","1":"product","2":"type-product","3":"status-publish","4":"has-post-thumbnail","6":"product_cat-accessoires","8":"first","9":"instock","10":"shipping-taxable","11":"purchasable","12":"product-type-simple"},"_links":{"self":[{"href":"https:\/\/www.hapy-com.fr\/echoppe\/wp-json\/wp\/v2\/product\/27739","targetHints":{"allow":["GET"]}}],"collection":[{"href":"https:\/\/www.hapy-com.fr\/echoppe\/wp-json\/wp\/v2\/product"}],"about":[{"href":"https:\/\/www.hapy-com.fr\/echoppe\/wp-json\/wp\/v2\/types\/product"}],"wp:featuredmedia":[{"embeddable":true,"href":"https:\/\/www.hapy-com.fr\/echoppe\/wp-json\/wp\/v2\/media\/27738"}],"wp:attachment":[{"href":"https:\/\/www.hapy-com.fr\/echoppe\/wp-json\/wp\/v2\/media?parent=27739"}],"wp:term":[{"taxonomy":"product_cat","embeddable":true,"href":"https:\/\/www.hapy-com.fr\/echoppe\/wp-json\/wp\/v2\/product_cat?post=27739"},{"taxonomy":"product_tag","embeddable":true,"href":"https:\/\/www.hapy-com.fr\/echoppe\/wp-json\/wp\/v2\/product_tag?post=27739"}],"curies":[{"name":"wp","href":"https:\/\/api.w.org\/{rel}","templated":true}]}}