{"id":27759,"date":"2022-06-24T15:07:39","date_gmt":"2022-06-24T13:07:39","guid":{"rendered":"http:\/\/www.hapy-com.fr\/echoppe\/product\/sac-a-dos-glaciere-tradan-8\/"},"modified":"2022-06-24T15:07:39","modified_gmt":"2022-06-24T13:07:39","slug":"sac-a-dos-glaciere-tradan-8","status":"publish","type":"product","link":"https:\/\/www.hapy-com.fr\/echoppe\/product\/sac-a-dos-glaciere-tradan-8\/","title":{"rendered":"Sac \u00e0 Dos Glaci\u00e8re Tradan"},"content":{"rendered":"<p>Sac \u00e0 dos isotherme \u00e0 cordelettes pour enfant en polyester doux 210D.  Gamme vari\u00e9e de coloris gais. Avec cordons noirs de serrage et coins renforc\u00e9s. Int\u00e9rieur isotherme finition aluminium.<\/p>\n","protected":false},"excerpt":{"rendered":"<p>Sac \u00e0 dos isotherme \u00e0 cordelettes pour enfant en polyester doux 210D. Gamme vari\u00e9e de coloris gais. Avec cordons noirs de serrage et coins renforc\u00e9s. Int\u00e9rieur isotherme finition aluminium.<\/p>\n","protected":false},"featured_media":27758,"template":"","meta":[],"product_cat":[345],"product_tag":[],"class_list":{"0":"post-27759","1":"product","2":"type-product","3":"status-publish","4":"has-post-thumbnail","6":"product_cat-accessoires","8":"first","9":"instock","10":"shipping-taxable","11":"purchasable","12":"product-type-simple"},"_links":{"self":[{"href":"https:\/\/www.hapy-com.fr\/echoppe\/wp-json\/wp\/v2\/product\/27759","targetHints":{"allow":["GET"]}}],"collection":[{"href":"https:\/\/www.hapy-com.fr\/echoppe\/wp-json\/wp\/v2\/product"}],"about":[{"href":"https:\/\/www.hapy-com.fr\/echoppe\/wp-json\/wp\/v2\/types\/product"}],"wp:featuredmedia":[{"embeddable":true,"href":"https:\/\/www.hapy-com.fr\/echoppe\/wp-json\/wp\/v2\/media\/27758"}],"wp:attachment":[{"href":"https:\/\/www.hapy-com.fr\/echoppe\/wp-json\/wp\/v2\/media?parent=27759"}],"wp:term":[{"taxonomy":"product_cat","embeddable":true,"href":"https:\/\/www.hapy-com.fr\/echoppe\/wp-json\/wp\/v2\/product_cat?post=27759"},{"taxonomy":"product_tag","embeddable":true,"href":"https:\/\/www.hapy-com.fr\/echoppe\/wp-json\/wp\/v2\/product_tag?post=27759"}],"curies":[{"name":"wp","href":"https:\/\/api.w.org\/{rel}","templated":true}]}}