{"id":27760,"date":"2022-06-24T15:07:39","date_gmt":"2022-06-24T13:07:39","guid":{"rendered":"http:\/\/www.hapy-com.fr\/echoppe\/product\/glaciere-artirian\/"},"modified":"2022-06-24T15:07:39","modified_gmt":"2022-06-24T13:07:39","slug":"glaciere-artirian","status":"publish","type":"product","link":"https:\/\/www.hapy-com.fr\/echoppe\/product\/glaciere-artirian\/","title":{"rendered":"Glaci\u00e8re Artirian"},"content":{"rendered":"<p>Sac isotherme tout-terrain en polyester 210D avec deux compartiments ind\u00e9pendants \u00e0 fermeture zipp\u00e9e. Disponible en couleurs vives. Poche avant \u00e0 fermeture velcro et poche en filet \u00e9lastique sur le c\u00f4t\u00e9. Int\u00e9rieur isotherme en PEVA. Poign\u00e9e de transport pratique en nylon r\u00e9sistant.<\/p>\n","protected":false},"excerpt":{"rendered":"<p>Sac isotherme tout-terrain en polyester 210D avec deux compartiments ind\u00e9pendants \u00e0 fermeture zipp\u00e9e. Disponible en couleurs vives. Poche avant \u00e0 fermeture velcro et poche en filet \u00e9lastique sur le c\u00f4t\u00e9&#8230;.<\/p>\n","protected":false},"featured_media":11137,"template":"","meta":[],"product_cat":[345],"product_tag":[],"class_list":{"0":"post-27760","1":"product","2":"type-product","3":"status-publish","4":"has-post-thumbnail","6":"product_cat-accessoires","8":"first","9":"instock","10":"shipping-taxable","11":"purchasable","12":"product-type-simple"},"_links":{"self":[{"href":"https:\/\/www.hapy-com.fr\/echoppe\/wp-json\/wp\/v2\/product\/27760","targetHints":{"allow":["GET"]}}],"collection":[{"href":"https:\/\/www.hapy-com.fr\/echoppe\/wp-json\/wp\/v2\/product"}],"about":[{"href":"https:\/\/www.hapy-com.fr\/echoppe\/wp-json\/wp\/v2\/types\/product"}],"wp:featuredmedia":[{"embeddable":true,"href":"https:\/\/www.hapy-com.fr\/echoppe\/wp-json\/wp\/v2\/media\/11137"}],"wp:attachment":[{"href":"https:\/\/www.hapy-com.fr\/echoppe\/wp-json\/wp\/v2\/media?parent=27760"}],"wp:term":[{"taxonomy":"product_cat","embeddable":true,"href":"https:\/\/www.hapy-com.fr\/echoppe\/wp-json\/wp\/v2\/product_cat?post=27760"},{"taxonomy":"product_tag","embeddable":true,"href":"https:\/\/www.hapy-com.fr\/echoppe\/wp-json\/wp\/v2\/product_tag?post=27760"}],"curies":[{"name":"wp","href":"https:\/\/api.w.org\/{rel}","templated":true}]}}