{"id":27770,"date":"2022-06-24T15:07:47","date_gmt":"2022-06-24T13:07:47","guid":{"rendered":"http:\/\/www.hapy-com.fr\/echoppe\/product\/gamelle-fantiel-3\/"},"modified":"2022-06-24T15:07:47","modified_gmt":"2022-06-24T13:07:47","slug":"gamelle-fantiel-3","status":"publish","type":"product","link":"https:\/\/www.hapy-com.fr\/echoppe\/product\/gamelle-fantiel-3\/","title":{"rendered":"Gamelle Fantiel"},"content":{"rendered":"<p>Bo\u00eete \u00e0 lunch de 1000ml en PP. Corps aux couleurs vives, couvercle avec fermeture de s\u00e9curit\u00e9 et gourde de 300 ml int\u00e9gr\u00e9e dans le couvercle. Convient pour micro-ondes, lave-vaisselle et cong\u00e9lateur.<\/p>\n","protected":false},"excerpt":{"rendered":"<p>Bo\u00eete \u00e0 lunch de 1000ml en PP. Corps aux couleurs vives, couvercle avec fermeture de s\u00e9curit\u00e9 et gourde de 300 ml int\u00e9gr\u00e9e dans le couvercle. Convient pour micro-ondes, lave-vaisselle et&#8230;<\/p>\n","protected":false},"featured_media":27769,"template":"","meta":[],"product_cat":[345],"product_tag":[],"class_list":{"0":"post-27770","1":"product","2":"type-product","3":"status-publish","4":"has-post-thumbnail","6":"product_cat-accessoires","8":"first","9":"instock","10":"shipping-taxable","11":"purchasable","12":"product-type-simple"},"_links":{"self":[{"href":"https:\/\/www.hapy-com.fr\/echoppe\/wp-json\/wp\/v2\/product\/27770","targetHints":{"allow":["GET"]}}],"collection":[{"href":"https:\/\/www.hapy-com.fr\/echoppe\/wp-json\/wp\/v2\/product"}],"about":[{"href":"https:\/\/www.hapy-com.fr\/echoppe\/wp-json\/wp\/v2\/types\/product"}],"wp:featuredmedia":[{"embeddable":true,"href":"https:\/\/www.hapy-com.fr\/echoppe\/wp-json\/wp\/v2\/media\/27769"}],"wp:attachment":[{"href":"https:\/\/www.hapy-com.fr\/echoppe\/wp-json\/wp\/v2\/media?parent=27770"}],"wp:term":[{"taxonomy":"product_cat","embeddable":true,"href":"https:\/\/www.hapy-com.fr\/echoppe\/wp-json\/wp\/v2\/product_cat?post=27770"},{"taxonomy":"product_tag","embeddable":true,"href":"https:\/\/www.hapy-com.fr\/echoppe\/wp-json\/wp\/v2\/product_tag?post=27770"}],"curies":[{"name":"wp","href":"https:\/\/api.w.org\/{rel}","templated":true}]}}