{"id":27774,"date":"2022-06-24T15:07:50","date_gmt":"2022-06-24T13:07:50","guid":{"rendered":"http:\/\/www.hapy-com.fr\/echoppe\/product\/sac-a-dos-glaciere-polys-2\/"},"modified":"2022-06-24T15:07:50","modified_gmt":"2022-06-24T13:07:50","slug":"sac-a-dos-glaciere-polys-2","status":"publish","type":"product","link":"https:\/\/www.hapy-com.fr\/echoppe\/product\/sac-a-dos-glaciere-polys-2\/","title":{"rendered":"Sac \u00e0 Dos Glaci\u00e8re Polys"},"content":{"rendered":"<p>Sac \u00e0 dos isotherme tout terrain en polyester 600D  avec couleurs vives et fermeture zipp\u00e9e assortie. Int\u00e9rieur isotherme finition aluminium et anses r\u00e9glables matelass\u00e9es.<\/p>\n","protected":false},"excerpt":{"rendered":"<p>Sac \u00e0 dos isotherme tout terrain en polyester 600D avec couleurs vives et fermeture zipp\u00e9e assortie. Int\u00e9rieur isotherme finition aluminium et anses r\u00e9glables matelass\u00e9es.<\/p>\n","protected":false},"featured_media":27773,"template":"","meta":[],"product_cat":[345],"product_tag":[],"class_list":{"0":"post-27774","1":"product","2":"type-product","3":"status-publish","4":"has-post-thumbnail","6":"product_cat-accessoires","8":"first","9":"instock","10":"shipping-taxable","11":"purchasable","12":"product-type-simple"},"_links":{"self":[{"href":"https:\/\/www.hapy-com.fr\/echoppe\/wp-json\/wp\/v2\/product\/27774","targetHints":{"allow":["GET"]}}],"collection":[{"href":"https:\/\/www.hapy-com.fr\/echoppe\/wp-json\/wp\/v2\/product"}],"about":[{"href":"https:\/\/www.hapy-com.fr\/echoppe\/wp-json\/wp\/v2\/types\/product"}],"wp:featuredmedia":[{"embeddable":true,"href":"https:\/\/www.hapy-com.fr\/echoppe\/wp-json\/wp\/v2\/media\/27773"}],"wp:attachment":[{"href":"https:\/\/www.hapy-com.fr\/echoppe\/wp-json\/wp\/v2\/media?parent=27774"}],"wp:term":[{"taxonomy":"product_cat","embeddable":true,"href":"https:\/\/www.hapy-com.fr\/echoppe\/wp-json\/wp\/v2\/product_cat?post=27774"},{"taxonomy":"product_tag","embeddable":true,"href":"https:\/\/www.hapy-com.fr\/echoppe\/wp-json\/wp\/v2\/product_tag?post=27774"}],"curies":[{"name":"wp","href":"https:\/\/api.w.org\/{rel}","templated":true}]}}