{"id":27782,"date":"2022-06-24T15:07:56","date_gmt":"2022-06-24T13:07:56","guid":{"rendered":"http:\/\/www.hapy-com.fr\/echoppe\/product\/verre-yoplat-3\/"},"modified":"2022-06-24T15:07:56","modified_gmt":"2022-06-24T13:07:56","slug":"verre-yoplat-3","status":"publish","type":"product","link":"https:\/\/www.hapy-com.fr\/echoppe\/product\/verre-yoplat-3\/","title":{"rendered":"Verre Yoplat"},"content":{"rendered":"<p>Verre de 420 ml en PS r\u00e9sistant transparent. Compartiment ind\u00e9pendant sur la partie sup\u00e9rieure du couvercle, avec support pour la cuill\u00e8re. Cuill\u00e8re et couvercle en coloris vari\u00e9s.<\/p>\n","protected":false},"excerpt":{"rendered":"<p>Verre de 420 ml en PS r\u00e9sistant transparent. Compartiment ind\u00e9pendant sur la partie sup\u00e9rieure du couvercle, avec support pour la cuill\u00e8re. Cuill\u00e8re et couvercle en coloris vari\u00e9s.<\/p>\n","protected":false},"featured_media":27781,"template":"","meta":[],"product_cat":[345],"product_tag":[],"class_list":{"0":"post-27782","1":"product","2":"type-product","3":"status-publish","4":"has-post-thumbnail","6":"product_cat-accessoires","8":"first","9":"instock","10":"shipping-taxable","11":"purchasable","12":"product-type-simple"},"_links":{"self":[{"href":"https:\/\/www.hapy-com.fr\/echoppe\/wp-json\/wp\/v2\/product\/27782","targetHints":{"allow":["GET"]}}],"collection":[{"href":"https:\/\/www.hapy-com.fr\/echoppe\/wp-json\/wp\/v2\/product"}],"about":[{"href":"https:\/\/www.hapy-com.fr\/echoppe\/wp-json\/wp\/v2\/types\/product"}],"wp:featuredmedia":[{"embeddable":true,"href":"https:\/\/www.hapy-com.fr\/echoppe\/wp-json\/wp\/v2\/media\/27781"}],"wp:attachment":[{"href":"https:\/\/www.hapy-com.fr\/echoppe\/wp-json\/wp\/v2\/media?parent=27782"}],"wp:term":[{"taxonomy":"product_cat","embeddable":true,"href":"https:\/\/www.hapy-com.fr\/echoppe\/wp-json\/wp\/v2\/product_cat?post=27782"},{"taxonomy":"product_tag","embeddable":true,"href":"https:\/\/www.hapy-com.fr\/echoppe\/wp-json\/wp\/v2\/product_tag?post=27782"}],"curies":[{"name":"wp","href":"https:\/\/api.w.org\/{rel}","templated":true}]}}