{"id":27789,"date":"2022-06-24T15:08:00","date_gmt":"2022-06-24T13:08:00","guid":{"rendered":"http:\/\/www.hapy-com.fr\/echoppe\/product\/glaciere-listak-2\/"},"modified":"2022-06-24T15:08:00","modified_gmt":"2022-06-24T13:08:00","slug":"glaciere-listak-2","status":"publish","type":"product","link":"https:\/\/www.hapy-com.fr\/echoppe\/product\/glaciere-listak-2\/","title":{"rendered":"Glaci\u00e8re Listak"},"content":{"rendered":"<p>Sac isotherme tout-terrain en polyester 210D propos\u00e9 en couleurs vives avec deux compartiments ind\u00e9pendants et fermeture zipp\u00e9e. Avec poches sur le devant dont une zipp\u00e9e. Int\u00e9rieur isotherme en PEVA. Poign\u00e9e de transport pratique renforc\u00e9e et assortie.<\/p>\n","protected":false},"excerpt":{"rendered":"<p>Sac isotherme tout-terrain en polyester 210D propos\u00e9 en couleurs vives avec deux compartiments ind\u00e9pendants et fermeture zipp\u00e9e. Avec poches sur le devant dont une zipp\u00e9e. Int\u00e9rieur isotherme en PEVA. Poign\u00e9e&#8230;<\/p>\n","protected":false},"featured_media":27788,"template":"","meta":[],"product_cat":[345],"product_tag":[],"class_list":{"0":"post-27789","1":"product","2":"type-product","3":"status-publish","4":"has-post-thumbnail","6":"product_cat-accessoires","8":"first","9":"instock","10":"shipping-taxable","11":"purchasable","12":"product-type-simple"},"_links":{"self":[{"href":"https:\/\/www.hapy-com.fr\/echoppe\/wp-json\/wp\/v2\/product\/27789","targetHints":{"allow":["GET"]}}],"collection":[{"href":"https:\/\/www.hapy-com.fr\/echoppe\/wp-json\/wp\/v2\/product"}],"about":[{"href":"https:\/\/www.hapy-com.fr\/echoppe\/wp-json\/wp\/v2\/types\/product"}],"wp:featuredmedia":[{"embeddable":true,"href":"https:\/\/www.hapy-com.fr\/echoppe\/wp-json\/wp\/v2\/media\/27788"}],"wp:attachment":[{"href":"https:\/\/www.hapy-com.fr\/echoppe\/wp-json\/wp\/v2\/media?parent=27789"}],"wp:term":[{"taxonomy":"product_cat","embeddable":true,"href":"https:\/\/www.hapy-com.fr\/echoppe\/wp-json\/wp\/v2\/product_cat?post=27789"},{"taxonomy":"product_tag","embeddable":true,"href":"https:\/\/www.hapy-com.fr\/echoppe\/wp-json\/wp\/v2\/product_tag?post=27789"}],"curies":[{"name":"wp","href":"https:\/\/api.w.org\/{rel}","templated":true}]}}