{"id":27795,"date":"2022-06-24T15:08:04","date_gmt":"2022-06-24T13:08:04","guid":{"rendered":"http:\/\/www.hapy-com.fr\/echoppe\/product\/glaciere-hertum-2\/"},"modified":"2022-06-24T15:08:04","modified_gmt":"2022-06-24T13:08:04","slug":"glaciere-hertum-2","status":"publish","type":"product","link":"https:\/\/www.hapy-com.fr\/echoppe\/product\/glaciere-hertum-2\/","title":{"rendered":"Glaci\u00e8re Hertum"},"content":{"rendered":"<p>Sac isotherme en intiss\u00e9 r\u00e9sistant pr\u00e9vu pour 6 canettes. Coloris vari\u00e9s. Int\u00e9rieur isotherme finition aluminium. Fermeture zipp\u00e9e et anse ton sur ton.<\/p>\n","protected":false},"excerpt":{"rendered":"<p>Sac isotherme en intiss\u00e9 r\u00e9sistant pr\u00e9vu pour 6 canettes. Coloris vari\u00e9s. Int\u00e9rieur isotherme finition aluminium. Fermeture zipp\u00e9e et anse ton sur ton.<\/p>\n","protected":false},"featured_media":27794,"template":"","meta":[],"product_cat":[345],"product_tag":[],"class_list":{"0":"post-27795","1":"product","2":"type-product","3":"status-publish","4":"has-post-thumbnail","6":"product_cat-accessoires","8":"first","9":"instock","10":"shipping-taxable","11":"purchasable","12":"product-type-simple"},"_links":{"self":[{"href":"https:\/\/www.hapy-com.fr\/echoppe\/wp-json\/wp\/v2\/product\/27795","targetHints":{"allow":["GET"]}}],"collection":[{"href":"https:\/\/www.hapy-com.fr\/echoppe\/wp-json\/wp\/v2\/product"}],"about":[{"href":"https:\/\/www.hapy-com.fr\/echoppe\/wp-json\/wp\/v2\/types\/product"}],"wp:featuredmedia":[{"embeddable":true,"href":"https:\/\/www.hapy-com.fr\/echoppe\/wp-json\/wp\/v2\/media\/27794"}],"wp:attachment":[{"href":"https:\/\/www.hapy-com.fr\/echoppe\/wp-json\/wp\/v2\/media?parent=27795"}],"wp:term":[{"taxonomy":"product_cat","embeddable":true,"href":"https:\/\/www.hapy-com.fr\/echoppe\/wp-json\/wp\/v2\/product_cat?post=27795"},{"taxonomy":"product_tag","embeddable":true,"href":"https:\/\/www.hapy-com.fr\/echoppe\/wp-json\/wp\/v2\/product_tag?post=27795"}],"curies":[{"name":"wp","href":"https:\/\/api.w.org\/{rel}","templated":true}]}}