{"id":27805,"date":"2022-06-24T15:08:11","date_gmt":"2022-06-24T13:08:11","guid":{"rendered":"http:\/\/www.hapy-com.fr\/echoppe\/product\/glaciere-rumbix\/"},"modified":"2022-06-24T15:08:11","modified_gmt":"2022-06-24T13:08:11","slug":"glaciere-rumbix","status":"publish","type":"product","link":"https:\/\/www.hapy-com.fr\/echoppe\/product\/glaciere-rumbix\/","title":{"rendered":"Glaci\u00e8re Rumbix"},"content":{"rendered":"<p>Sac isotherme \u00e9co-friendly avec ext\u00e9rieur en papier r\u00e9sistant de 135g \/ m2. D\u00e9tails au niveau des coutures de couleurs et poign\u00e9e de transport assortie. Int\u00e9rieur isotherme en aluminium. R\u00e9sistance env. 4 kg Fermeture velcro. Capacit\u00e9 env. 1,2L. Poign\u00e9e de 50 x 2,5 cm. SANS BPA<\/p>\n","protected":false},"excerpt":{"rendered":"<p>Sac isotherme \u00e9co-friendly avec ext\u00e9rieur en papier r\u00e9sistant de 135g \/ m2. D\u00e9tails au niveau des coutures de couleurs et poign\u00e9e de transport assortie. Int\u00e9rieur isotherme en aluminium. R\u00e9sistance env&#8230;.<\/p>\n","protected":false},"featured_media":11178,"template":"","meta":[],"product_cat":[345],"product_tag":[],"class_list":{"0":"post-27805","1":"product","2":"type-product","3":"status-publish","4":"has-post-thumbnail","6":"product_cat-accessoires","8":"first","9":"instock","10":"shipping-taxable","11":"purchasable","12":"product-type-simple"},"_links":{"self":[{"href":"https:\/\/www.hapy-com.fr\/echoppe\/wp-json\/wp\/v2\/product\/27805","targetHints":{"allow":["GET"]}}],"collection":[{"href":"https:\/\/www.hapy-com.fr\/echoppe\/wp-json\/wp\/v2\/product"}],"about":[{"href":"https:\/\/www.hapy-com.fr\/echoppe\/wp-json\/wp\/v2\/types\/product"}],"wp:featuredmedia":[{"embeddable":true,"href":"https:\/\/www.hapy-com.fr\/echoppe\/wp-json\/wp\/v2\/media\/11178"}],"wp:attachment":[{"href":"https:\/\/www.hapy-com.fr\/echoppe\/wp-json\/wp\/v2\/media?parent=27805"}],"wp:term":[{"taxonomy":"product_cat","embeddable":true,"href":"https:\/\/www.hapy-com.fr\/echoppe\/wp-json\/wp\/v2\/product_cat?post=27805"},{"taxonomy":"product_tag","embeddable":true,"href":"https:\/\/www.hapy-com.fr\/echoppe\/wp-json\/wp\/v2\/product_tag?post=27805"}],"curies":[{"name":"wp","href":"https:\/\/api.w.org\/{rel}","templated":true}]}}