{"id":27816,"date":"2022-06-24T15:08:21","date_gmt":"2022-06-24T13:08:21","guid":{"rendered":"http:\/\/www.hapy-com.fr\/echoppe\/product\/sac-thermique-yonner-4\/"},"modified":"2022-06-24T15:08:21","modified_gmt":"2022-06-24T13:08:21","slug":"sac-thermique-yonner-4","status":"publish","type":"product","link":"https:\/\/www.hapy-com.fr\/echoppe\/product\/sac-thermique-yonner-4\/","title":{"rendered":"Sac Thermique Yonner"},"content":{"rendered":"<p>Panier Isotherme en 600D polyester r\u00e9sistant avec int\u00e9rieur en aluminium sans BPA. Fermeture \u00e0 glissi\u00e8re, avec structure en aluminium pliable et poign\u00e9es en EVA pour le confort pendant le transport. R\u00e9sistance jusqu\u00b4\u00e0 15 kg de poids et disponible en plusieurs couleurs.<\/p>\n","protected":false},"excerpt":{"rendered":"<p>Panier Isotherme en 600D polyester r\u00e9sistant avec int\u00e9rieur en aluminium sans BPA. Fermeture \u00e0 glissi\u00e8re, avec structure en aluminium pliable et poign\u00e9es en EVA pour le confort pendant le transport&#8230;.<\/p>\n","protected":false},"featured_media":27815,"template":"","meta":[],"product_cat":[345],"product_tag":[],"class_list":{"0":"post-27816","1":"product","2":"type-product","3":"status-publish","4":"has-post-thumbnail","6":"product_cat-accessoires","8":"first","9":"instock","10":"shipping-taxable","11":"purchasable","12":"product-type-simple"},"_links":{"self":[{"href":"https:\/\/www.hapy-com.fr\/echoppe\/wp-json\/wp\/v2\/product\/27816","targetHints":{"allow":["GET"]}}],"collection":[{"href":"https:\/\/www.hapy-com.fr\/echoppe\/wp-json\/wp\/v2\/product"}],"about":[{"href":"https:\/\/www.hapy-com.fr\/echoppe\/wp-json\/wp\/v2\/types\/product"}],"wp:featuredmedia":[{"embeddable":true,"href":"https:\/\/www.hapy-com.fr\/echoppe\/wp-json\/wp\/v2\/media\/27815"}],"wp:attachment":[{"href":"https:\/\/www.hapy-com.fr\/echoppe\/wp-json\/wp\/v2\/media?parent=27816"}],"wp:term":[{"taxonomy":"product_cat","embeddable":true,"href":"https:\/\/www.hapy-com.fr\/echoppe\/wp-json\/wp\/v2\/product_cat?post=27816"},{"taxonomy":"product_tag","embeddable":true,"href":"https:\/\/www.hapy-com.fr\/echoppe\/wp-json\/wp\/v2\/product_tag?post=27816"}],"curies":[{"name":"wp","href":"https:\/\/api.w.org\/{rel}","templated":true}]}}