{"id":27817,"date":"2022-06-24T15:08:21","date_gmt":"2022-06-24T13:08:21","guid":{"rendered":"http:\/\/www.hapy-com.fr\/echoppe\/product\/set-paille-kalux-2\/"},"modified":"2022-06-24T15:08:21","modified_gmt":"2022-06-24T13:08:21","slug":"set-paille-kalux-2","status":"publish","type":"product","link":"https:\/\/www.hapy-com.fr\/echoppe\/product\/set-paille-kalux-2\/","title":{"rendered":"Set Paille Kalux"},"content":{"rendered":"<p>Eco-friendly. Lot de 2 pailles r\u00e9utilisables en acier inoxydable (21,5 cm chacune). Goupillon pour le nettoyage inclus. Pr\u00e9sent\u00e9 dans un \u00e9tui en coton naturel avec cordelettes de serrage.<\/p>\n","protected":false},"excerpt":{"rendered":"<p>Eco-friendly. Lot de 2 pailles r\u00e9utilisables en acier inoxydable (21,5 cm chacune). Goupillon pour le nettoyage inclus. Pr\u00e9sent\u00e9 dans un \u00e9tui en coton naturel avec cordelettes de serrage.<\/p>\n","protected":false},"featured_media":11181,"template":"","meta":[],"product_cat":[345],"product_tag":[],"class_list":{"0":"post-27817","1":"product","2":"type-product","3":"status-publish","4":"has-post-thumbnail","6":"product_cat-accessoires","8":"first","9":"instock","10":"shipping-taxable","11":"purchasable","12":"product-type-simple"},"_links":{"self":[{"href":"https:\/\/www.hapy-com.fr\/echoppe\/wp-json\/wp\/v2\/product\/27817","targetHints":{"allow":["GET"]}}],"collection":[{"href":"https:\/\/www.hapy-com.fr\/echoppe\/wp-json\/wp\/v2\/product"}],"about":[{"href":"https:\/\/www.hapy-com.fr\/echoppe\/wp-json\/wp\/v2\/types\/product"}],"wp:featuredmedia":[{"embeddable":true,"href":"https:\/\/www.hapy-com.fr\/echoppe\/wp-json\/wp\/v2\/media\/11181"}],"wp:attachment":[{"href":"https:\/\/www.hapy-com.fr\/echoppe\/wp-json\/wp\/v2\/media?parent=27817"}],"wp:term":[{"taxonomy":"product_cat","embeddable":true,"href":"https:\/\/www.hapy-com.fr\/echoppe\/wp-json\/wp\/v2\/product_cat?post=27817"},{"taxonomy":"product_tag","embeddable":true,"href":"https:\/\/www.hapy-com.fr\/echoppe\/wp-json\/wp\/v2\/product_tag?post=27817"}],"curies":[{"name":"wp","href":"https:\/\/api.w.org\/{rel}","templated":true}]}}