{"id":27824,"date":"2022-06-24T15:08:26","date_gmt":"2022-06-24T13:08:26","guid":{"rendered":"http:\/\/www.hapy-com.fr\/echoppe\/product\/glaciere-kardil-4\/"},"modified":"2022-06-24T15:08:26","modified_gmt":"2022-06-24T13:08:26","slug":"glaciere-kardil-4","status":"publish","type":"product","link":"https:\/\/www.hapy-com.fr\/echoppe\/product\/glaciere-kardil-4\/","title":{"rendered":"Glaci\u00e8re Kardil"},"content":{"rendered":"<p>Sac isotherme en polyester 600D r\u00e9sistant avec int\u00e9rieur en PEVA, sans BPA. Fermeture \u00e0 glissi\u00e8re, avec poche avant de grande taille, poign\u00e9es renforc\u00e9es en nylon et bandouli\u00e8re r\u00e9glable. Disponible dans une large gamme de couleurs.<\/p>\n","protected":false},"excerpt":{"rendered":"<p>Sac isotherme en polyester 600D r\u00e9sistant avec int\u00e9rieur en PEVA, sans BPA. Fermeture \u00e0 glissi\u00e8re, avec poche avant de grande taille, poign\u00e9es renforc\u00e9es en nylon et bandouli\u00e8re r\u00e9glable. Disponible dans&#8230;<\/p>\n","protected":false},"featured_media":27823,"template":"","meta":[],"product_cat":[345],"product_tag":[],"class_list":{"0":"post-27824","1":"product","2":"type-product","3":"status-publish","4":"has-post-thumbnail","6":"product_cat-accessoires","8":"first","9":"instock","10":"shipping-taxable","11":"purchasable","12":"product-type-simple"},"_links":{"self":[{"href":"https:\/\/www.hapy-com.fr\/echoppe\/wp-json\/wp\/v2\/product\/27824","targetHints":{"allow":["GET"]}}],"collection":[{"href":"https:\/\/www.hapy-com.fr\/echoppe\/wp-json\/wp\/v2\/product"}],"about":[{"href":"https:\/\/www.hapy-com.fr\/echoppe\/wp-json\/wp\/v2\/types\/product"}],"wp:featuredmedia":[{"embeddable":true,"href":"https:\/\/www.hapy-com.fr\/echoppe\/wp-json\/wp\/v2\/media\/27823"}],"wp:attachment":[{"href":"https:\/\/www.hapy-com.fr\/echoppe\/wp-json\/wp\/v2\/media?parent=27824"}],"wp:term":[{"taxonomy":"product_cat","embeddable":true,"href":"https:\/\/www.hapy-com.fr\/echoppe\/wp-json\/wp\/v2\/product_cat?post=27824"},{"taxonomy":"product_tag","embeddable":true,"href":"https:\/\/www.hapy-com.fr\/echoppe\/wp-json\/wp\/v2\/product_tag?post=27824"}],"curies":[{"name":"wp","href":"https:\/\/api.w.org\/{rel}","templated":true}]}}