{"id":27825,"date":"2022-06-24T15:08:26","date_gmt":"2022-06-24T13:08:26","guid":{"rendered":"http:\/\/www.hapy-com.fr\/echoppe\/product\/set-paille-lantux-2\/"},"modified":"2022-06-24T15:08:26","modified_gmt":"2022-06-24T13:08:26","slug":"set-paille-lantux-2","status":"publish","type":"product","link":"https:\/\/www.hapy-com.fr\/echoppe\/product\/set-paille-lantux-2\/","title":{"rendered":"Set Paille Lantux"},"content":{"rendered":"<p>Gamme \u00e9co-friendly. Pailles en papier avec traitement sp\u00e9cial humidit\u00e9. Lot compos\u00e9 de 10 pailles, pr\u00e9sent\u00e9es dans une bo\u00eete en carton recycl\u00e9 avec fen\u00eatre. Disponible en finition marron ou naturelle. Dimensions paille : \u00d8 0,6 x 19,5 cm &#8211; 1,16 gr.<\/p>\n","protected":false},"excerpt":{"rendered":"<p>Gamme \u00e9co-friendly. Pailles en papier avec traitement sp\u00e9cial humidit\u00e9. Lot compos\u00e9 de 10 pailles, pr\u00e9sent\u00e9es dans une bo\u00eete en carton recycl\u00e9 avec fen\u00eatre. Disponible en finition marron ou naturelle. Dimensions&#8230;<\/p>\n","protected":false},"featured_media":11183,"template":"","meta":[],"product_cat":[345],"product_tag":[],"class_list":{"0":"post-27825","1":"product","2":"type-product","3":"status-publish","4":"has-post-thumbnail","6":"product_cat-accessoires","8":"first","9":"instock","10":"shipping-taxable","11":"purchasable","12":"product-type-simple"},"_links":{"self":[{"href":"https:\/\/www.hapy-com.fr\/echoppe\/wp-json\/wp\/v2\/product\/27825","targetHints":{"allow":["GET"]}}],"collection":[{"href":"https:\/\/www.hapy-com.fr\/echoppe\/wp-json\/wp\/v2\/product"}],"about":[{"href":"https:\/\/www.hapy-com.fr\/echoppe\/wp-json\/wp\/v2\/types\/product"}],"wp:featuredmedia":[{"embeddable":true,"href":"https:\/\/www.hapy-com.fr\/echoppe\/wp-json\/wp\/v2\/media\/11183"}],"wp:attachment":[{"href":"https:\/\/www.hapy-com.fr\/echoppe\/wp-json\/wp\/v2\/media?parent=27825"}],"wp:term":[{"taxonomy":"product_cat","embeddable":true,"href":"https:\/\/www.hapy-com.fr\/echoppe\/wp-json\/wp\/v2\/product_cat?post=27825"},{"taxonomy":"product_tag","embeddable":true,"href":"https:\/\/www.hapy-com.fr\/echoppe\/wp-json\/wp\/v2\/product_tag?post=27825"}],"curies":[{"name":"wp","href":"https:\/\/api.w.org\/{rel}","templated":true}]}}